{"id":25638,"date":"2026-01-04T18:48:44","date_gmt":"2026-01-04T18:48:44","guid":{"rendered":"https:\/\/dimensionmediamarketing.com\/?page_id=25638"},"modified":"2026-01-22T18:08:03","modified_gmt":"2026-01-22T18:08:03","slug":"vinilo-adhesivo","status":"publish","type":"page","link":"https:\/\/dimensionmediamarketing.com\/en\/vinilo-adhesivo\/","title":{"rendered":"vinilo adhesivo"},"content":{"rendered":"<div data-elementor-type=\"wp-page\" data-elementor-id=\"25638\" class=\"elementor elementor-25638\" data-elementor-post-type=\"page\">\n\t\t\t\t<div class=\"elementor-element elementor-element-e0ace16 e-flex e-con-boxed e-con e-parent\" data-id=\"e0ace16\" data-element_type=\"container\" data-e-type=\"container\">\n\t\t\t\t\t<div class=\"e-con-inner\">\n\t\t<div class=\"elementor-element elementor-element-abf12e4 e-con-full e-flex e-con e-child\" data-id=\"abf12e4\" data-element_type=\"container\" data-e-type=\"container\">\n\t\t\t\t<div class=\"elementor-element elementor-element-e46d36c elementor-widget elementor-widget-image\" data-id=\"e46d36c\" data-element_type=\"widget\" data-e-type=\"widget\" data-settings=\"{&quot;ekit_we_effect_on&quot;:&quot;none&quot;}\" data-widget_type=\"image.default\">\n\t\t\t\t<div class=\"elementor-widget-container\">\n\t\t\t\t\t\t\t\t\t\t\t\t\t\t\t<img fetchpriority=\"high\" decoding=\"async\" width=\"953\" height=\"613\" src=\"https:\/\/dimensionmediamarketing.com\/wp-content\/uploads\/2026\/01\/3f2c49_bda64c8224644596bbd832c12df9719bmv2.webp\" class=\"attachment-full size-full wp-image-25640\" alt=\"\" srcset=\"https:\/\/dimensionmediamarketing.com\/wp-content\/uploads\/2026\/01\/3f2c49_bda64c8224644596bbd832c12df9719bmv2.webp 953w, https:\/\/dimensionmediamarketing.com\/wp-content\/uploads\/2026\/01\/3f2c49_bda64c8224644596bbd832c12df9719bmv2-300x193.webp 300w, https:\/\/dimensionmediamarketing.com\/wp-content\/uploads\/2026\/01\/3f2c49_bda64c8224644596bbd832c12df9719bmv2-768x494.webp 768w, https:\/\/dimensionmediamarketing.com\/wp-content\/uploads\/2026\/01\/3f2c49_bda64c8224644596bbd832c12df9719bmv2-18x12.webp 18w, https:\/\/dimensionmediamarketing.com\/wp-content\/uploads\/2026\/01\/3f2c49_bda64c8224644596bbd832c12df9719bmv2-710x457.webp 710w, https:\/\/dimensionmediamarketing.com\/wp-content\/uploads\/2026\/01\/3f2c49_bda64c8224644596bbd832c12df9719bmv2-600x386.webp 600w\" sizes=\"(max-width: 953px) 100vw, 953px\" \/>\t\t\t\t\t\t\t\t\t\t\t\t\t\t\t<\/div>\n\t\t\t\t<\/div>\n\t\t\t\t<\/div>\n\t\t<div class=\"elementor-element elementor-element-8797b39 e-con-full e-flex e-con e-child\" data-id=\"8797b39\" data-element_type=\"container\" data-e-type=\"container\">\n\t\t\t\t<div class=\"elementor-element elementor-element-41f4bf3 elementor-widget elementor-widget-heading\" data-id=\"41f4bf3\" data-element_type=\"widget\" data-e-type=\"widget\" data-settings=\"{&quot;ekit_we_effect_on&quot;:&quot;none&quot;}\" data-widget_type=\"heading.default\">\n\t\t\t\t<div class=\"elementor-widget-container\">\n\t\t\t\t\t<h2 class=\"elementor-heading-title elementor-size-default\">vinilo adhesivo<\/h2>\t\t\t\t<\/div>\n\t\t\t\t<\/div>\n\t\t\t\t<div class=\"elementor-element elementor-element-aa56700 text-avenir elementor-widget elementor-widget-text-editor\" data-id=\"aa56700\" data-element_type=\"widget\" data-e-type=\"widget\" data-settings=\"{&quot;ekit_we_effect_on&quot;:&quot;none&quot;}\" data-widget_type=\"text-editor.default\">\n\t\t\t\t<div class=\"elementor-widget-container\">\n\t\t\t\t\t\t\t\t\t<div id=\"comp-kw7thz5g\" class=\"Z_l5lU MMl86N zQ9jDz qvSjx3 Vq6kJx comp-kw7thz5g wixui-rich-text\" data-testid=\"richTextElement\"><p><span class=\"wixui-rich-text__text\"><strong>Vinilo Adhesivo es muy \u00fatil para la creaci\u00f3n de productos gr\u00e1ficos<\/strong>\u00a0y publicitarios de peque\u00f1o y gran formato,\u00a0<\/span><span class=\"wixui-rich-text__text\">extremadamente vers\u00e1til y apto para imprimir.<\/span><br class=\"wixui-rich-text__text\" \/><br class=\"wixui-rich-text__text\" \/><span class=\"wixui-rich-text__text\"><strong>Es elegido por sus propiedades particulares,<\/strong> compuesto por un\u00a0<strong>material pl\u00e1stico flexible resistente a los agentes atmosf\u00e9ricos<\/strong>, su aplicaci\u00f3n se utiliza para diversos contextos:<strong>\u00a0decoraci\u00f3n de ventanas, paredes, pisos, etiquetas adhesivas para embalaje, superficies de veh\u00edculos y veh\u00edculos de empresa, para autom\u00f3viles o furgonetas, stands de exposici\u00f3n y carteler\u00eda muchos otros.<\/strong><\/span><br class=\"wixui-rich-text__text\" \/><br class=\"wixui-rich-text__text\" \/><span class=\"wixui-rich-text__text\">El vinilo adhesivo es un material incre\u00edblemente adaptable y barato, por lo que es ideal para la creaci\u00f3n de numerosas herramientas publicitarias.<\/span><\/p><\/div>\t\t\t\t\t\t\t\t<\/div>\n\t\t\t\t<\/div>\n\t\t\t\t<div class=\"elementor-element elementor-element-7b0149a elementor-align-center elementor-widget elementor-widget-button\" data-id=\"7b0149a\" data-element_type=\"widget\" data-e-type=\"widget\" data-settings=\"{&quot;ekit_we_effect_on&quot;:&quot;none&quot;}\" data-widget_type=\"button.default\">\n\t\t\t\t<div class=\"elementor-widget-container\">\n\t\t\t\t\t\t\t\t\t<div class=\"elementor-button-wrapper\">\n\t\t\t\t\t<a class=\"elementor-button elementor-button-link elementor-size-sm\" href=\"https:\/\/dimensionmediamarketing.com\/en\/impresion\/#contact\">\n\t\t\t\t\t\t<span class=\"elementor-button-content-wrapper\">\n\t\t\t\t\t\t\t\t\t<span class=\"elementor-button-text\">PRESUPUESTO<\/span>\n\t\t\t\t\t<\/span>\n\t\t\t\t\t<\/a>\n\t\t\t\t<\/div>\n\t\t\t\t\t\t\t\t<\/div>\n\t\t\t\t<\/div>\n\t\t\t\t<\/div>\n\t\t\t\t\t<\/div>\n\t\t\t\t<\/div>\n\t\t<div class=\"elementor-element elementor-element-7505888 e-flex e-con-boxed e-con e-parent\" data-id=\"7505888\" data-element_type=\"container\" data-e-type=\"container\">\n\t\t\t\t\t<div class=\"e-con-inner\">\n\t\t\t\t<div class=\"elementor-element elementor-element-ed97dca elementor-widget elementor-widget-video\" data-id=\"ed97dca\" data-element_type=\"widget\" data-e-type=\"widget\" data-settings=\"{&quot;video_type&quot;:&quot;hosted&quot;,&quot;autoplay&quot;:&quot;yes&quot;,&quot;play_on_mobile&quot;:&quot;yes&quot;,&quot;loop&quot;:&quot;yes&quot;,&quot;controls&quot;:&quot;yes&quot;,&quot;ekit_we_effect_on&quot;:&quot;none&quot;}\" data-widget_type=\"video.default\">\n\t\t\t\t<div class=\"elementor-widget-container\">\n\t\t\t\t\t\t\t<div class=\"e-hosted-video elementor-wrapper elementor-open-inline\">\n\t\t\t\t\t<video class=\"elementor-video\" src=\"https:\/\/dimensionmediamarketing.com\/wp-content\/uploads\/2026\/01\/InShot_20250202_113910402.mp4\" autoplay=\"\" loop=\"\" controls=\"\" playsinline=\"\" controlslist=\"nodownload\"><\/video>\n\t\t\t\t<\/div>\n\t\t\t\t\t\t<\/div>\n\t\t\t\t<\/div>\n\t\t\t\t\t<\/div>\n\t\t\t\t<\/div>\n\t\t<div class=\"elementor-element elementor-element-5fd519c e-flex e-con-boxed e-con e-parent\" data-id=\"5fd519c\" data-element_type=\"container\" data-e-type=\"container\">\n\t\t\t\t\t<div class=\"e-con-inner\">\n\t\t<div class=\"elementor-element elementor-element-0d3eb7c e-con-full e-flex e-con e-child\" data-id=\"0d3eb7c\" data-element_type=\"container\" data-e-type=\"container\">\n\t\t\t\t<div class=\"elementor-element elementor-element-9bc5449 elementor-align-right elementor-mobile-align-center elementor-widget elementor-widget-button\" data-id=\"9bc5449\" data-element_type=\"widget\" data-e-type=\"widget\" data-settings=\"{&quot;ekit_we_effect_on&quot;:&quot;none&quot;}\" data-widget_type=\"button.default\">\n\t\t\t\t<div class=\"elementor-widget-container\">\n\t\t\t\t\t\t\t\t\t<div class=\"elementor-button-wrapper\">\n\t\t\t\t\t<a class=\"elementor-button elementor-button-link elementor-size-sm elementor-animation-shrink\" href=\"https:\/\/dimensionmediamarketing.com\/en\/impresion\/\">\n\t\t\t\t\t\t<span class=\"elementor-button-content-wrapper\">\n\t\t\t\t\t\t<span class=\"elementor-button-icon\">\n\t\t\t\t<i aria-hidden=\"true\" class=\"fas fa-angle-left\"><\/i>\t\t\t<\/span>\n\t\t\t\t\t\t\t\t\t<span class=\"elementor-button-text\">ATRAS<\/span>\n\t\t\t\t\t<\/span>\n\t\t\t\t\t<\/a>\n\t\t\t\t<\/div>\n\t\t\t\t\t\t\t\t<\/div>\n\t\t\t\t<\/div>\n\t\t\t\t<\/div>\n\t\t<div class=\"elementor-element elementor-element-380a14d e-con-full e-flex e-con e-child\" data-id=\"380a14d\" data-element_type=\"container\" data-e-type=\"container\">\n\t\t\t\t<div class=\"elementor-element elementor-element-672c22e elementor-widget elementor-widget-heading\" data-id=\"672c22e\" data-element_type=\"widget\" data-e-type=\"widget\" data-settings=\"{&quot;ekit_we_effect_on&quot;:&quot;none&quot;}\" data-widget_type=\"heading.default\">\n\t\t\t\t<div class=\"elementor-widget-container\">\n\t\t\t\t\t<h2 class=\"elementor-heading-title elementor-size-default\">Env\u00edo gratuito en toda Espa\u00f1a - Impresi\u00f3n urgente 24h <\/h2>\t\t\t\t<\/div>\n\t\t\t\t<\/div>\n\t\t\t\t<\/div>\n\t\t\t\t\t<\/div>\n\t\t\t\t<\/div>\n\t\t\t\t<\/div>","protected":false},"excerpt":{"rendered":"<p>vinilo adhesivo Vinilo Adhesivo es muy \u00fatil para la creaci\u00f3n de productos gr\u00e1ficos\u00a0y publicitarios de peque\u00f1o y gran formato,\u00a0extremadamente vers\u00e1til y apto para imprimir. Es elegido por sus propiedades particulares, compuesto por un\u00a0material pl\u00e1stico flexible resistente a los agentes atmosf\u00e9ricos, su aplicaci\u00f3n se utiliza para diversos contextos:\u00a0decoraci\u00f3n de ventanas, paredes, pisos, etiquetas adhesivas para embalaje, [&hellip;]<\/p>","protected":false},"author":1,"featured_media":0,"parent":0,"menu_order":0,"comment_status":"closed","ping_status":"closed","template":"","meta":{"footnotes":""},"class_list":["post-25638","page","type-page","status-publish","hentry"],"yoast_head":"<!-- This site is optimized with the Yoast SEO plugin v23.8 - https:\/\/yoast.com\/wordpress\/plugins\/seo\/ -->\n<title>vinilo adhesivo - Dimension Media<\/title>\n<meta name=\"robots\" content=\"index, follow, max-snippet:-1, max-image-preview:large, max-video-preview:-1\" \/>\n<link rel=\"canonical\" href=\"https:\/\/dimensionmediamarketing.com\/en\/vinilo-adhesivo\/\" \/>\n<meta property=\"og:locale\" content=\"en_US\" \/>\n<meta property=\"og:type\" content=\"article\" \/>\n<meta property=\"og:title\" content=\"vinilo adhesivo - Dimension Media\" \/>\n<meta property=\"og:description\" content=\"vinilo adhesivo Vinilo Adhesivo es muy \u00fatil para la creaci\u00f3n de productos gr\u00e1ficos\u00a0y publicitarios de peque\u00f1o y gran formato,\u00a0extremadamente vers\u00e1til y apto para imprimir. Es elegido por sus propiedades particulares, compuesto por un\u00a0material pl\u00e1stico flexible resistente a los agentes atmosf\u00e9ricos, su aplicaci\u00f3n se utiliza para diversos contextos:\u00a0decoraci\u00f3n de ventanas, paredes, pisos, etiquetas adhesivas para embalaje, [&hellip;]\" \/>\n<meta property=\"og:url\" content=\"https:\/\/dimensionmediamarketing.com\/en\/vinilo-adhesivo\/\" \/>\n<meta property=\"og:site_name\" content=\"Dimension Media\" \/>\n<meta property=\"article:modified_time\" content=\"2026-01-22T18:08:03+00:00\" \/>\n<meta property=\"og:image\" content=\"https:\/\/dimensionmediamarketing.com\/wp-content\/uploads\/2026\/01\/3f2c49_bda64c8224644596bbd832c12df9719bmv2.webp\" \/>\n\t<meta property=\"og:image:width\" content=\"953\" \/>\n\t<meta property=\"og:image:height\" content=\"613\" \/>\n\t<meta property=\"og:image:type\" content=\"image\/webp\" \/>\n<meta name=\"twitter:card\" content=\"summary_large_image\" \/>\n<meta name=\"twitter:label1\" content=\"Est. reading time\" \/>\n\t<meta name=\"twitter:data1\" content=\"1 minute\" \/>\n<script type=\"application\/ld+json\" class=\"yoast-schema-graph\">{\"@context\":\"https:\/\/schema.org\",\"@graph\":[{\"@type\":\"WebPage\",\"@id\":\"https:\/\/dimensionmediamarketing.com\/vinilo-adhesivo\/\",\"url\":\"https:\/\/dimensionmediamarketing.com\/vinilo-adhesivo\/\",\"name\":\"vinilo adhesivo - Dimension Media\",\"isPartOf\":{\"@id\":\"https:\/\/dimensionmediamarketing.com\/#website\"},\"primaryImageOfPage\":{\"@id\":\"https:\/\/dimensionmediamarketing.com\/vinilo-adhesivo\/#primaryimage\"},\"image\":{\"@id\":\"https:\/\/dimensionmediamarketing.com\/vinilo-adhesivo\/#primaryimage\"},\"thumbnailUrl\":\"https:\/\/dimensionmediamarketing.com\/wp-content\/uploads\/2026\/01\/3f2c49_bda64c8224644596bbd832c12df9719bmv2.webp\",\"datePublished\":\"2026-01-04T18:48:44+00:00\",\"dateModified\":\"2026-01-22T18:08:03+00:00\",\"breadcrumb\":{\"@id\":\"https:\/\/dimensionmediamarketing.com\/vinilo-adhesivo\/#breadcrumb\"},\"inLanguage\":\"en-US\",\"potentialAction\":[{\"@type\":\"ReadAction\",\"target\":[\"https:\/\/dimensionmediamarketing.com\/vinilo-adhesivo\/\"]}]},{\"@type\":\"ImageObject\",\"inLanguage\":\"en-US\",\"@id\":\"https:\/\/dimensionmediamarketing.com\/vinilo-adhesivo\/#primaryimage\",\"url\":\"https:\/\/dimensionmediamarketing.com\/wp-content\/uploads\/2026\/01\/3f2c49_bda64c8224644596bbd832c12df9719bmv2.webp\",\"contentUrl\":\"https:\/\/dimensionmediamarketing.com\/wp-content\/uploads\/2026\/01\/3f2c49_bda64c8224644596bbd832c12df9719bmv2.webp\"},{\"@type\":\"BreadcrumbList\",\"@id\":\"https:\/\/dimensionmediamarketing.com\/vinilo-adhesivo\/#breadcrumb\",\"itemListElement\":[{\"@type\":\"ListItem\",\"position\":1,\"name\":\"Portada\",\"item\":\"https:\/\/dimensionmediamarketing.com\/\"},{\"@type\":\"ListItem\",\"position\":2,\"name\":\"vinilo adhesivo\"}]},{\"@type\":\"WebSite\",\"@id\":\"https:\/\/dimensionmediamarketing.com\/#website\",\"url\":\"https:\/\/dimensionmediamarketing.com\/\",\"name\":\"Dimension Media\",\"description\":\"Somos Marketing\",\"publisher\":{\"@id\":\"https:\/\/dimensionmediamarketing.com\/#organization\"},\"potentialAction\":[{\"@type\":\"SearchAction\",\"target\":{\"@type\":\"EntryPoint\",\"urlTemplate\":\"https:\/\/dimensionmediamarketing.com\/?s={search_term_string}\"},\"query-input\":{\"@type\":\"PropertyValueSpecification\",\"valueRequired\":true,\"valueName\":\"search_term_string\"}}],\"inLanguage\":\"en-US\"},{\"@type\":\"Organization\",\"@id\":\"https:\/\/dimensionmediamarketing.com\/#organization\",\"name\":\"Dimension Media\",\"url\":\"https:\/\/dimensionmediamarketing.com\/\",\"logo\":{\"@type\":\"ImageObject\",\"inLanguage\":\"en-US\",\"@id\":\"https:\/\/dimensionmediamarketing.com\/#\/schema\/logo\/image\/\",\"url\":\"https:\/\/dimensionmediamarketing.com\/wp-content\/uploads\/2024\/11\/cropped-Logo-letras-negras.png\",\"contentUrl\":\"https:\/\/dimensionmediamarketing.com\/wp-content\/uploads\/2024\/11\/cropped-Logo-letras-negras.png\",\"width\":512,\"height\":512,\"caption\":\"Dimension Media\"},\"image\":{\"@id\":\"https:\/\/dimensionmediamarketing.com\/#\/schema\/logo\/image\/\"}}]}<\/script>\n<!-- \/ Yoast SEO plugin. -->","yoast_head_json":{"title":"vinilo adhesivo - Dimension Media","robots":{"index":"index","follow":"follow","max-snippet":"max-snippet:-1","max-image-preview":"max-image-preview:large","max-video-preview":"max-video-preview:-1"},"canonical":"https:\/\/dimensionmediamarketing.com\/en\/vinilo-adhesivo\/","og_locale":"en_US","og_type":"article","og_title":"vinilo adhesivo - Dimension Media","og_description":"vinilo adhesivo Vinilo Adhesivo es muy \u00fatil para la creaci\u00f3n de productos gr\u00e1ficos\u00a0y publicitarios de peque\u00f1o y gran formato,\u00a0extremadamente vers\u00e1til y apto para imprimir. Es elegido por sus propiedades particulares, compuesto por un\u00a0material pl\u00e1stico flexible resistente a los agentes atmosf\u00e9ricos, su aplicaci\u00f3n se utiliza para diversos contextos:\u00a0decoraci\u00f3n de ventanas, paredes, pisos, etiquetas adhesivas para embalaje, [&hellip;]","og_url":"https:\/\/dimensionmediamarketing.com\/en\/vinilo-adhesivo\/","og_site_name":"Dimension Media","article_modified_time":"2026-01-22T18:08:03+00:00","og_image":[{"width":953,"height":613,"url":"https:\/\/dimensionmediamarketing.com\/wp-content\/uploads\/2026\/01\/3f2c49_bda64c8224644596bbd832c12df9719bmv2.webp","type":"image\/webp"}],"twitter_card":"summary_large_image","twitter_misc":{"Est. reading time":"1 minute"},"schema":{"@context":"https:\/\/schema.org","@graph":[{"@type":"WebPage","@id":"https:\/\/dimensionmediamarketing.com\/vinilo-adhesivo\/","url":"https:\/\/dimensionmediamarketing.com\/vinilo-adhesivo\/","name":"vinilo adhesivo - Dimension Media","isPartOf":{"@id":"https:\/\/dimensionmediamarketing.com\/#website"},"primaryImageOfPage":{"@id":"https:\/\/dimensionmediamarketing.com\/vinilo-adhesivo\/#primaryimage"},"image":{"@id":"https:\/\/dimensionmediamarketing.com\/vinilo-adhesivo\/#primaryimage"},"thumbnailUrl":"https:\/\/dimensionmediamarketing.com\/wp-content\/uploads\/2026\/01\/3f2c49_bda64c8224644596bbd832c12df9719bmv2.webp","datePublished":"2026-01-04T18:48:44+00:00","dateModified":"2026-01-22T18:08:03+00:00","breadcrumb":{"@id":"https:\/\/dimensionmediamarketing.com\/vinilo-adhesivo\/#breadcrumb"},"inLanguage":"en-US","potentialAction":[{"@type":"ReadAction","target":["https:\/\/dimensionmediamarketing.com\/vinilo-adhesivo\/"]}]},{"@type":"ImageObject","inLanguage":"en-US","@id":"https:\/\/dimensionmediamarketing.com\/vinilo-adhesivo\/#primaryimage","url":"https:\/\/dimensionmediamarketing.com\/wp-content\/uploads\/2026\/01\/3f2c49_bda64c8224644596bbd832c12df9719bmv2.webp","contentUrl":"https:\/\/dimensionmediamarketing.com\/wp-content\/uploads\/2026\/01\/3f2c49_bda64c8224644596bbd832c12df9719bmv2.webp"},{"@type":"BreadcrumbList","@id":"https:\/\/dimensionmediamarketing.com\/vinilo-adhesivo\/#breadcrumb","itemListElement":[{"@type":"ListItem","position":1,"name":"Portada","item":"https:\/\/dimensionmediamarketing.com\/"},{"@type":"ListItem","position":2,"name":"vinilo adhesivo"}]},{"@type":"WebSite","@id":"https:\/\/dimensionmediamarketing.com\/#website","url":"https:\/\/dimensionmediamarketing.com\/","name":"Dimension Media","description":"Somos Marketing","publisher":{"@id":"https:\/\/dimensionmediamarketing.com\/#organization"},"potentialAction":[{"@type":"SearchAction","target":{"@type":"EntryPoint","urlTemplate":"https:\/\/dimensionmediamarketing.com\/?s={search_term_string}"},"query-input":{"@type":"PropertyValueSpecification","valueRequired":true,"valueName":"search_term_string"}}],"inLanguage":"en-US"},{"@type":"Organization","@id":"https:\/\/dimensionmediamarketing.com\/#organization","name":"Dimension Media","url":"https:\/\/dimensionmediamarketing.com\/","logo":{"@type":"ImageObject","inLanguage":"en-US","@id":"https:\/\/dimensionmediamarketing.com\/#\/schema\/logo\/image\/","url":"https:\/\/dimensionmediamarketing.com\/wp-content\/uploads\/2024\/11\/cropped-Logo-letras-negras.png","contentUrl":"https:\/\/dimensionmediamarketing.com\/wp-content\/uploads\/2024\/11\/cropped-Logo-letras-negras.png","width":512,"height":512,"caption":"Dimension Media"},"image":{"@id":"https:\/\/dimensionmediamarketing.com\/#\/schema\/logo\/image\/"}}]}},"_links":{"self":[{"href":"https:\/\/dimensionmediamarketing.com\/en\/wp-json\/wp\/v2\/pages\/25638","targetHints":{"allow":["GET"]}}],"collection":[{"href":"https:\/\/dimensionmediamarketing.com\/en\/wp-json\/wp\/v2\/pages"}],"about":[{"href":"https:\/\/dimensionmediamarketing.com\/en\/wp-json\/wp\/v2\/types\/page"}],"author":[{"embeddable":true,"href":"https:\/\/dimensionmediamarketing.com\/en\/wp-json\/wp\/v2\/users\/1"}],"replies":[{"embeddable":true,"href":"https:\/\/dimensionmediamarketing.com\/en\/wp-json\/wp\/v2\/comments?post=25638"}],"version-history":[{"count":13,"href":"https:\/\/dimensionmediamarketing.com\/en\/wp-json\/wp\/v2\/pages\/25638\/revisions"}],"predecessor-version":[{"id":25784,"href":"https:\/\/dimensionmediamarketing.com\/en\/wp-json\/wp\/v2\/pages\/25638\/revisions\/25784"}],"wp:attachment":[{"href":"https:\/\/dimensionmediamarketing.com\/en\/wp-json\/wp\/v2\/media?parent=25638"}],"curies":[{"name":"wp","href":"https:\/\/api.w.org\/{rel}","templated":true}]}}