{"id":25631,"date":"2026-01-04T18:44:38","date_gmt":"2026-01-04T18:44:38","guid":{"rendered":"https:\/\/dimensionmediamarketing.com\/?page_id=25631"},"modified":"2026-01-22T18:11:57","modified_gmt":"2026-01-22T18:11:57","slug":"triptico","status":"publish","type":"page","link":"https:\/\/dimensionmediamarketing.com\/en\/triptico\/","title":{"rendered":"Triptico"},"content":{"rendered":"<div data-elementor-type=\"wp-page\" data-elementor-id=\"25631\" class=\"elementor elementor-25631\" data-elementor-post-type=\"page\">\n\t\t\t\t<div class=\"elementor-element elementor-element-e0e3fe4 e-con-full e-flex e-con e-parent\" data-id=\"e0e3fe4\" data-element_type=\"container\" data-e-type=\"container\">\n\t\t<div class=\"elementor-element elementor-element-c8e4f09 e-con-full e-flex e-con e-child\" data-id=\"c8e4f09\" data-element_type=\"container\" data-e-type=\"container\">\n\t\t\t\t<div class=\"elementor-element elementor-element-6d997bd elementor-widget elementor-widget-image\" data-id=\"6d997bd\" data-element_type=\"widget\" data-e-type=\"widget\" data-settings=\"{&quot;ekit_we_effect_on&quot;:&quot;none&quot;}\" data-widget_type=\"image.default\">\n\t\t\t\t<div class=\"elementor-widget-container\">\n\t\t\t\t\t\t\t\t\t\t\t\t\t\t\t<img fetchpriority=\"high\" decoding=\"async\" width=\"595\" height=\"600\" src=\"https:\/\/dimensionmediamarketing.com\/wp-content\/uploads\/2026\/01\/3f2c49_67097bf9a051419ebf965fcb142a7a48mv2.webp\" class=\"attachment-large size-large wp-image-25633\" alt=\"\" srcset=\"https:\/\/dimensionmediamarketing.com\/wp-content\/uploads\/2026\/01\/3f2c49_67097bf9a051419ebf965fcb142a7a48mv2.webp 595w, https:\/\/dimensionmediamarketing.com\/wp-content\/uploads\/2026\/01\/3f2c49_67097bf9a051419ebf965fcb142a7a48mv2-298x300.webp 298w, https:\/\/dimensionmediamarketing.com\/wp-content\/uploads\/2026\/01\/3f2c49_67097bf9a051419ebf965fcb142a7a48mv2-150x150.webp 150w, https:\/\/dimensionmediamarketing.com\/wp-content\/uploads\/2026\/01\/3f2c49_67097bf9a051419ebf965fcb142a7a48mv2-12x12.webp 12w, https:\/\/dimensionmediamarketing.com\/wp-content\/uploads\/2026\/01\/3f2c49_67097bf9a051419ebf965fcb142a7a48mv2-100x100.webp 100w\" sizes=\"(max-width: 595px) 100vw, 595px\" \/>\t\t\t\t\t\t\t\t\t\t\t\t\t\t\t<\/div>\n\t\t\t\t<\/div>\n\t\t\t\t<\/div>\n\t\t<div class=\"elementor-element elementor-element-f1e311b e-con-full e-flex e-con e-child\" data-id=\"f1e311b\" data-element_type=\"container\" data-e-type=\"container\">\n\t\t\t\t<div class=\"elementor-element elementor-element-1c62a25 elementor-widget elementor-widget-heading\" data-id=\"1c62a25\" data-element_type=\"widget\" data-e-type=\"widget\" data-settings=\"{&quot;ekit_we_effect_on&quot;:&quot;none&quot;}\" data-widget_type=\"heading.default\">\n\t\t\t\t<div class=\"elementor-widget-container\">\n\t\t\t\t\t<h2 class=\"elementor-heading-title elementor-size-default\">Triptico<\/h2>\t\t\t\t<\/div>\n\t\t\t\t<\/div>\n\t\t\t\t<div class=\"elementor-element elementor-element-9fb0ade text-avenir elementor-widget elementor-widget-text-editor\" data-id=\"9fb0ade\" data-element_type=\"widget\" data-e-type=\"widget\" data-settings=\"{&quot;ekit_we_effect_on&quot;:&quot;none&quot;}\" data-widget_type=\"text-editor.default\">\n\t\t\t\t<div class=\"elementor-widget-container\">\n\t\t\t\t\t\t\t\t\t<p class=\"font_7 wixui-rich-text__text\"><span class=\"wixui-rich-text__text\"><strong>Los\u00a0tr\u00edpticos publicitario<\/strong>\u00a0son herramientas de marketing muy \u00fatiles en el mundo de las artes gr\u00e1ficas y en el publicitario.\u00a0<br class=\"wixui-rich-text__text\" \/>Generalmente se utiliza un hoja de A4\u00a0<strong>dividida en tres partes y seis caras, lo cual puede aportar muchas<\/strong>\u00a0mas\u00a0<strong>informaciones detallada de tu negocio<\/strong>\u00a0a tus potenciales clientes, a diferencio de un folleto o flyer.<br class=\"wixui-rich-text__text\" \/><br class=\"wixui-rich-text__text\" \/><strong>Como dise\u00f1ar un tr\u00edptico publicitario<\/strong><\/span><br class=\"wixui-rich-text__text\" \/><span class=\"wixui-rich-text__text\"><strong>La portada:<\/strong>\u00a0Es la clave para llamar la atenci\u00f3n \u200b<br class=\"wixui-rich-text__text\" \/>\u00a0<strong>La parte frontal interna:<\/strong>\u00a0En la\u00a0 que hay que convencer \u00a0 \u200b<br class=\"wixui-rich-text__text\" \/><strong>Las tres caras que compondr\u00e1n el folleto abierto:<\/strong>\u00a0 Se detalla con precisi\u00f3n el producto.<br class=\"wixui-rich-text__text\" \/><strong>La contraportada:<\/strong>\u00a0se incluyen los datos de contacto:\u00a0<br class=\"wixui-rich-text__text\" \/>\u00a0<br class=\"wixui-rich-text__text\" \/>Cuando entrega un folleto informativo, si no capta la atenci\u00f3n al mismo momento puede pasar que directamente lo tira, as\u00ed que\u00a0<strong>hay que hacer ser muy originales y llamar la atenci\u00f3n, para\u00a0<\/strong><\/span><strong><span class=\"wixui-rich-text__text\">conseguir convencerlos en pocos segundos.<\/span><\/strong><\/p>\t\t\t\t\t\t\t\t<\/div>\n\t\t\t\t<\/div>\n\t\t\t\t<\/div>\n\t\t<div class=\"elementor-element elementor-element-3d95615 e-con-full e-flex e-con e-child\" data-id=\"3d95615\" data-element_type=\"container\" data-e-type=\"container\">\n\t\t\t\t<div class=\"elementor-element elementor-element-099b6c8 elementor-widget elementor-widget-image\" data-id=\"099b6c8\" data-element_type=\"widget\" data-e-type=\"widget\" data-settings=\"{&quot;ekit_we_effect_on&quot;:&quot;none&quot;}\" data-widget_type=\"image.default\">\n\t\t\t\t<div class=\"elementor-widget-container\">\n\t\t\t\t\t\t\t\t\t\t\t\t\t\t\t<img decoding=\"async\" width=\"595\" height=\"600\" src=\"https:\/\/dimensionmediamarketing.com\/wp-content\/uploads\/2026\/01\/3f2c49_67097bf9a051419ebf965fcb142a7a48mv2-1.webp\" class=\"attachment-large size-large wp-image-25634\" alt=\"\" srcset=\"https:\/\/dimensionmediamarketing.com\/wp-content\/uploads\/2026\/01\/3f2c49_67097bf9a051419ebf965fcb142a7a48mv2-1.webp 595w, https:\/\/dimensionmediamarketing.com\/wp-content\/uploads\/2026\/01\/3f2c49_67097bf9a051419ebf965fcb142a7a48mv2-1-298x300.webp 298w, https:\/\/dimensionmediamarketing.com\/wp-content\/uploads\/2026\/01\/3f2c49_67097bf9a051419ebf965fcb142a7a48mv2-1-150x150.webp 150w, https:\/\/dimensionmediamarketing.com\/wp-content\/uploads\/2026\/01\/3f2c49_67097bf9a051419ebf965fcb142a7a48mv2-1-12x12.webp 12w, https:\/\/dimensionmediamarketing.com\/wp-content\/uploads\/2026\/01\/3f2c49_67097bf9a051419ebf965fcb142a7a48mv2-1-100x100.webp 100w\" sizes=\"(max-width: 595px) 100vw, 595px\" \/>\t\t\t\t\t\t\t\t\t\t\t\t\t\t\t<\/div>\n\t\t\t\t<\/div>\n\t\t\t\t<\/div>\n\t\t\t\t<\/div>\n\t\t<div class=\"elementor-element elementor-element-308f6a6 e-flex e-con-boxed e-con e-parent\" data-id=\"308f6a6\" data-element_type=\"container\" data-e-type=\"container\">\n\t\t\t\t\t<div class=\"e-con-inner\">\n\t\t<div class=\"elementor-element elementor-element-537644c e-con-full e-flex e-con e-child\" data-id=\"537644c\" data-element_type=\"container\" data-e-type=\"container\">\n\t\t\t\t<div class=\"elementor-element elementor-element-69f22b8 elementor-align-right elementor-mobile-align-center elementor-widget elementor-widget-button\" data-id=\"69f22b8\" data-element_type=\"widget\" data-e-type=\"widget\" data-settings=\"{&quot;ekit_we_effect_on&quot;:&quot;none&quot;}\" data-widget_type=\"button.default\">\n\t\t\t\t<div class=\"elementor-widget-container\">\n\t\t\t\t\t\t\t\t\t<div class=\"elementor-button-wrapper\">\n\t\t\t\t\t<a class=\"elementor-button elementor-button-link elementor-size-sm elementor-animation-shrink\" href=\"https:\/\/dimensionmediamarketing.com\/en\/impresion\/\">\n\t\t\t\t\t\t<span class=\"elementor-button-content-wrapper\">\n\t\t\t\t\t\t<span class=\"elementor-button-icon\">\n\t\t\t\t<i aria-hidden=\"true\" class=\"fas fa-angle-left\"><\/i>\t\t\t<\/span>\n\t\t\t\t\t\t\t\t\t<span class=\"elementor-button-text\">ATRAS<\/span>\n\t\t\t\t\t<\/span>\n\t\t\t\t\t<\/a>\n\t\t\t\t<\/div>\n\t\t\t\t\t\t\t\t<\/div>\n\t\t\t\t<\/div>\n\t\t\t\t<\/div>\n\t\t<div class=\"elementor-element elementor-element-e4fd0b0 e-con-full e-flex e-con e-child\" data-id=\"e4fd0b0\" data-element_type=\"container\" data-e-type=\"container\">\n\t\t\t\t<div class=\"elementor-element elementor-element-df8fcf6 elementor-align-justify elementor-widget elementor-widget-button\" data-id=\"df8fcf6\" data-element_type=\"widget\" data-e-type=\"widget\" data-settings=\"{&quot;ekit_we_effect_on&quot;:&quot;none&quot;}\" data-widget_type=\"button.default\">\n\t\t\t\t<div class=\"elementor-widget-container\">\n\t\t\t\t\t\t\t\t\t<div class=\"elementor-button-wrapper\">\n\t\t\t\t\t<a class=\"elementor-button elementor-button-link elementor-size-sm\" href=\"https:\/\/dimensionmediamarketing.com\/en\/impresion\/#contact\">\n\t\t\t\t\t\t<span class=\"elementor-button-content-wrapper\">\n\t\t\t\t\t\t\t\t\t<span class=\"elementor-button-text\">PRESUPUESTO<\/span>\n\t\t\t\t\t<\/span>\n\t\t\t\t\t<\/a>\n\t\t\t\t<\/div>\n\t\t\t\t\t\t\t\t<\/div>\n\t\t\t\t<\/div>\n\t\t\t\t<\/div>\n\t\t<div class=\"elementor-element elementor-element-5d9c4df e-con-full elementor-hidden-mobile e-flex e-con e-child\" data-id=\"5d9c4df\" data-element_type=\"container\" data-e-type=\"container\">\n\t\t\t\t<\/div>\n\t\t\t\t\t<\/div>\n\t\t\t\t<\/div>\n\t\t<div class=\"elementor-element elementor-element-a87b346 e-flex e-con-boxed e-con e-parent\" data-id=\"a87b346\" data-element_type=\"container\" data-e-type=\"container\">\n\t\t\t\t\t<div class=\"e-con-inner\">\n\t\t\t\t<div class=\"elementor-element elementor-element-215aeef elementor-widget elementor-widget-video\" data-id=\"215aeef\" data-element_type=\"widget\" data-e-type=\"widget\" data-settings=\"{&quot;video_type&quot;:&quot;hosted&quot;,&quot;autoplay&quot;:&quot;yes&quot;,&quot;play_on_mobile&quot;:&quot;yes&quot;,&quot;loop&quot;:&quot;yes&quot;,&quot;controls&quot;:&quot;yes&quot;,&quot;ekit_we_effect_on&quot;:&quot;none&quot;}\" data-widget_type=\"video.default\">\n\t\t\t\t<div class=\"elementor-widget-container\">\n\t\t\t\t\t\t\t<div class=\"e-hosted-video elementor-wrapper elementor-open-inline\">\n\t\t\t\t\t<video class=\"elementor-video\" src=\"https:\/\/dimensionmediamarketing.com\/wp-content\/uploads\/2026\/01\/InShot_20250202_111124871.mp4\" autoplay=\"\" loop=\"\" controls=\"\" playsinline=\"\" controlslist=\"nodownload\"><\/video>\n\t\t\t\t<\/div>\n\t\t\t\t\t\t<\/div>\n\t\t\t\t<\/div>\n\t\t\t\t\t<\/div>\n\t\t\t\t<\/div>\n\t\t<div class=\"elementor-element elementor-element-4a6b6eb e-flex e-con-boxed e-con e-parent\" data-id=\"4a6b6eb\" data-element_type=\"container\" data-e-type=\"container\">\n\t\t\t\t\t<div class=\"e-con-inner\">\n\t\t\t\t<div class=\"elementor-element elementor-element-40078ca elementor-widget elementor-widget-heading\" data-id=\"40078ca\" data-element_type=\"widget\" data-e-type=\"widget\" data-settings=\"{&quot;ekit_we_effect_on&quot;:&quot;none&quot;}\" data-widget_type=\"heading.default\">\n\t\t\t\t<div class=\"elementor-widget-container\">\n\t\t\t\t\t<h2 class=\"elementor-heading-title elementor-size-default\">Env\u00edo gratuito en toda Espa\u00f1a - Impresi\u00f3n urgente 24h \n<\/h2>\t\t\t\t<\/div>\n\t\t\t\t<\/div>\n\t\t\t\t\t<\/div>\n\t\t\t\t<\/div>\n\t\t\t\t<\/div>","protected":false},"excerpt":{"rendered":"<p>Triptico Los\u00a0tr\u00edpticos publicitario\u00a0son herramientas de marketing muy \u00fatiles en el mundo de las artes gr\u00e1ficas y en el publicitario.\u00a0Generalmente se utiliza un hoja de A4\u00a0dividida en tres partes y seis caras, lo cual puede aportar muchas\u00a0mas\u00a0informaciones detallada de tu negocio\u00a0a tus potenciales clientes, a diferencio de un folleto o flyer. Como dise\u00f1ar un tr\u00edptico publicitarioLa [&hellip;]<\/p>","protected":false},"author":1,"featured_media":0,"parent":0,"menu_order":0,"comment_status":"closed","ping_status":"closed","template":"","meta":{"footnotes":""},"class_list":["post-25631","page","type-page","status-publish","hentry"],"yoast_head":"<!-- This site is optimized with the Yoast SEO plugin v23.8 - https:\/\/yoast.com\/wordpress\/plugins\/seo\/ -->\n<title>Triptico - Dimension Media<\/title>\n<meta name=\"robots\" content=\"index, follow, max-snippet:-1, max-image-preview:large, max-video-preview:-1\" \/>\n<link rel=\"canonical\" href=\"https:\/\/dimensionmediamarketing.com\/en\/triptico\/\" \/>\n<meta property=\"og:locale\" content=\"en_US\" \/>\n<meta property=\"og:type\" content=\"article\" \/>\n<meta property=\"og:title\" content=\"Triptico - Dimension Media\" \/>\n<meta property=\"og:description\" content=\"Triptico Los\u00a0tr\u00edpticos publicitario\u00a0son herramientas de marketing muy \u00fatiles en el mundo de las artes gr\u00e1ficas y en el publicitario.\u00a0Generalmente se utiliza un hoja de A4\u00a0dividida en tres partes y seis caras, lo cual puede aportar muchas\u00a0mas\u00a0informaciones detallada de tu negocio\u00a0a tus potenciales clientes, a diferencio de un folleto o flyer. Como dise\u00f1ar un tr\u00edptico publicitarioLa [&hellip;]\" \/>\n<meta property=\"og:url\" content=\"https:\/\/dimensionmediamarketing.com\/en\/triptico\/\" \/>\n<meta property=\"og:site_name\" content=\"Dimension Media\" \/>\n<meta property=\"article:modified_time\" content=\"2026-01-22T18:11:57+00:00\" \/>\n<meta property=\"og:image\" content=\"https:\/\/dimensionmediamarketing.com\/wp-content\/uploads\/2026\/01\/3f2c49_67097bf9a051419ebf965fcb142a7a48mv2.webp\" \/>\n\t<meta property=\"og:image:width\" content=\"595\" \/>\n\t<meta property=\"og:image:height\" content=\"600\" \/>\n\t<meta property=\"og:image:type\" content=\"image\/webp\" \/>\n<meta name=\"twitter:card\" content=\"summary_large_image\" \/>\n<meta name=\"twitter:label1\" content=\"Est. reading time\" \/>\n\t<meta name=\"twitter:data1\" content=\"2 minutes\" \/>\n<script type=\"application\/ld+json\" class=\"yoast-schema-graph\">{\"@context\":\"https:\/\/schema.org\",\"@graph\":[{\"@type\":\"WebPage\",\"@id\":\"https:\/\/dimensionmediamarketing.com\/triptico\/\",\"url\":\"https:\/\/dimensionmediamarketing.com\/triptico\/\",\"name\":\"Triptico - Dimension Media\",\"isPartOf\":{\"@id\":\"https:\/\/dimensionmediamarketing.com\/#website\"},\"primaryImageOfPage\":{\"@id\":\"https:\/\/dimensionmediamarketing.com\/triptico\/#primaryimage\"},\"image\":{\"@id\":\"https:\/\/dimensionmediamarketing.com\/triptico\/#primaryimage\"},\"thumbnailUrl\":\"https:\/\/dimensionmediamarketing.com\/wp-content\/uploads\/2026\/01\/3f2c49_67097bf9a051419ebf965fcb142a7a48mv2.webp\",\"datePublished\":\"2026-01-04T18:44:38+00:00\",\"dateModified\":\"2026-01-22T18:11:57+00:00\",\"breadcrumb\":{\"@id\":\"https:\/\/dimensionmediamarketing.com\/triptico\/#breadcrumb\"},\"inLanguage\":\"en-US\",\"potentialAction\":[{\"@type\":\"ReadAction\",\"target\":[\"https:\/\/dimensionmediamarketing.com\/triptico\/\"]}]},{\"@type\":\"ImageObject\",\"inLanguage\":\"en-US\",\"@id\":\"https:\/\/dimensionmediamarketing.com\/triptico\/#primaryimage\",\"url\":\"https:\/\/dimensionmediamarketing.com\/wp-content\/uploads\/2026\/01\/3f2c49_67097bf9a051419ebf965fcb142a7a48mv2.webp\",\"contentUrl\":\"https:\/\/dimensionmediamarketing.com\/wp-content\/uploads\/2026\/01\/3f2c49_67097bf9a051419ebf965fcb142a7a48mv2.webp\"},{\"@type\":\"BreadcrumbList\",\"@id\":\"https:\/\/dimensionmediamarketing.com\/triptico\/#breadcrumb\",\"itemListElement\":[{\"@type\":\"ListItem\",\"position\":1,\"name\":\"Portada\",\"item\":\"https:\/\/dimensionmediamarketing.com\/\"},{\"@type\":\"ListItem\",\"position\":2,\"name\":\"Triptico\"}]},{\"@type\":\"WebSite\",\"@id\":\"https:\/\/dimensionmediamarketing.com\/#website\",\"url\":\"https:\/\/dimensionmediamarketing.com\/\",\"name\":\"Dimension Media\",\"description\":\"Somos Marketing\",\"publisher\":{\"@id\":\"https:\/\/dimensionmediamarketing.com\/#organization\"},\"potentialAction\":[{\"@type\":\"SearchAction\",\"target\":{\"@type\":\"EntryPoint\",\"urlTemplate\":\"https:\/\/dimensionmediamarketing.com\/?s={search_term_string}\"},\"query-input\":{\"@type\":\"PropertyValueSpecification\",\"valueRequired\":true,\"valueName\":\"search_term_string\"}}],\"inLanguage\":\"en-US\"},{\"@type\":\"Organization\",\"@id\":\"https:\/\/dimensionmediamarketing.com\/#organization\",\"name\":\"Dimension Media\",\"url\":\"https:\/\/dimensionmediamarketing.com\/\",\"logo\":{\"@type\":\"ImageObject\",\"inLanguage\":\"en-US\",\"@id\":\"https:\/\/dimensionmediamarketing.com\/#\/schema\/logo\/image\/\",\"url\":\"https:\/\/dimensionmediamarketing.com\/wp-content\/uploads\/2024\/11\/cropped-Logo-letras-negras.png\",\"contentUrl\":\"https:\/\/dimensionmediamarketing.com\/wp-content\/uploads\/2024\/11\/cropped-Logo-letras-negras.png\",\"width\":512,\"height\":512,\"caption\":\"Dimension Media\"},\"image\":{\"@id\":\"https:\/\/dimensionmediamarketing.com\/#\/schema\/logo\/image\/\"}}]}<\/script>\n<!-- \/ Yoast SEO plugin. -->","yoast_head_json":{"title":"Triptico - Dimension Media","robots":{"index":"index","follow":"follow","max-snippet":"max-snippet:-1","max-image-preview":"max-image-preview:large","max-video-preview":"max-video-preview:-1"},"canonical":"https:\/\/dimensionmediamarketing.com\/en\/triptico\/","og_locale":"en_US","og_type":"article","og_title":"Triptico - Dimension Media","og_description":"Triptico Los\u00a0tr\u00edpticos publicitario\u00a0son herramientas de marketing muy \u00fatiles en el mundo de las artes gr\u00e1ficas y en el publicitario.\u00a0Generalmente se utiliza un hoja de A4\u00a0dividida en tres partes y seis caras, lo cual puede aportar muchas\u00a0mas\u00a0informaciones detallada de tu negocio\u00a0a tus potenciales clientes, a diferencio de un folleto o flyer. Como dise\u00f1ar un tr\u00edptico publicitarioLa [&hellip;]","og_url":"https:\/\/dimensionmediamarketing.com\/en\/triptico\/","og_site_name":"Dimension Media","article_modified_time":"2026-01-22T18:11:57+00:00","og_image":[{"width":595,"height":600,"url":"https:\/\/dimensionmediamarketing.com\/wp-content\/uploads\/2026\/01\/3f2c49_67097bf9a051419ebf965fcb142a7a48mv2.webp","type":"image\/webp"}],"twitter_card":"summary_large_image","twitter_misc":{"Est. reading time":"2 minutes"},"schema":{"@context":"https:\/\/schema.org","@graph":[{"@type":"WebPage","@id":"https:\/\/dimensionmediamarketing.com\/triptico\/","url":"https:\/\/dimensionmediamarketing.com\/triptico\/","name":"Triptico - Dimension Media","isPartOf":{"@id":"https:\/\/dimensionmediamarketing.com\/#website"},"primaryImageOfPage":{"@id":"https:\/\/dimensionmediamarketing.com\/triptico\/#primaryimage"},"image":{"@id":"https:\/\/dimensionmediamarketing.com\/triptico\/#primaryimage"},"thumbnailUrl":"https:\/\/dimensionmediamarketing.com\/wp-content\/uploads\/2026\/01\/3f2c49_67097bf9a051419ebf965fcb142a7a48mv2.webp","datePublished":"2026-01-04T18:44:38+00:00","dateModified":"2026-01-22T18:11:57+00:00","breadcrumb":{"@id":"https:\/\/dimensionmediamarketing.com\/triptico\/#breadcrumb"},"inLanguage":"en-US","potentialAction":[{"@type":"ReadAction","target":["https:\/\/dimensionmediamarketing.com\/triptico\/"]}]},{"@type":"ImageObject","inLanguage":"en-US","@id":"https:\/\/dimensionmediamarketing.com\/triptico\/#primaryimage","url":"https:\/\/dimensionmediamarketing.com\/wp-content\/uploads\/2026\/01\/3f2c49_67097bf9a051419ebf965fcb142a7a48mv2.webp","contentUrl":"https:\/\/dimensionmediamarketing.com\/wp-content\/uploads\/2026\/01\/3f2c49_67097bf9a051419ebf965fcb142a7a48mv2.webp"},{"@type":"BreadcrumbList","@id":"https:\/\/dimensionmediamarketing.com\/triptico\/#breadcrumb","itemListElement":[{"@type":"ListItem","position":1,"name":"Portada","item":"https:\/\/dimensionmediamarketing.com\/"},{"@type":"ListItem","position":2,"name":"Triptico"}]},{"@type":"WebSite","@id":"https:\/\/dimensionmediamarketing.com\/#website","url":"https:\/\/dimensionmediamarketing.com\/","name":"Dimension Media","description":"Somos Marketing","publisher":{"@id":"https:\/\/dimensionmediamarketing.com\/#organization"},"potentialAction":[{"@type":"SearchAction","target":{"@type":"EntryPoint","urlTemplate":"https:\/\/dimensionmediamarketing.com\/?s={search_term_string}"},"query-input":{"@type":"PropertyValueSpecification","valueRequired":true,"valueName":"search_term_string"}}],"inLanguage":"en-US"},{"@type":"Organization","@id":"https:\/\/dimensionmediamarketing.com\/#organization","name":"Dimension Media","url":"https:\/\/dimensionmediamarketing.com\/","logo":{"@type":"ImageObject","inLanguage":"en-US","@id":"https:\/\/dimensionmediamarketing.com\/#\/schema\/logo\/image\/","url":"https:\/\/dimensionmediamarketing.com\/wp-content\/uploads\/2024\/11\/cropped-Logo-letras-negras.png","contentUrl":"https:\/\/dimensionmediamarketing.com\/wp-content\/uploads\/2024\/11\/cropped-Logo-letras-negras.png","width":512,"height":512,"caption":"Dimension Media"},"image":{"@id":"https:\/\/dimensionmediamarketing.com\/#\/schema\/logo\/image\/"}}]}},"_links":{"self":[{"href":"https:\/\/dimensionmediamarketing.com\/en\/wp-json\/wp\/v2\/pages\/25631","targetHints":{"allow":["GET"]}}],"collection":[{"href":"https:\/\/dimensionmediamarketing.com\/en\/wp-json\/wp\/v2\/pages"}],"about":[{"href":"https:\/\/dimensionmediamarketing.com\/en\/wp-json\/wp\/v2\/types\/page"}],"author":[{"embeddable":true,"href":"https:\/\/dimensionmediamarketing.com\/en\/wp-json\/wp\/v2\/users\/1"}],"replies":[{"embeddable":true,"href":"https:\/\/dimensionmediamarketing.com\/en\/wp-json\/wp\/v2\/comments?post=25631"}],"version-history":[{"count":10,"href":"https:\/\/dimensionmediamarketing.com\/en\/wp-json\/wp\/v2\/pages\/25631\/revisions"}],"predecessor-version":[{"id":25792,"href":"https:\/\/dimensionmediamarketing.com\/en\/wp-json\/wp\/v2\/pages\/25631\/revisions\/25792"}],"wp:attachment":[{"href":"https:\/\/dimensionmediamarketing.com\/en\/wp-json\/wp\/v2\/media?parent=25631"}],"curies":[{"name":"wp","href":"https:\/\/api.w.org\/{rel}","templated":true}]}}