{"id":25571,"date":"2026-01-04T18:13:35","date_gmt":"2026-01-04T18:13:35","guid":{"rendered":"https:\/\/dimensionmediamarketing.com\/?page_id=25571"},"modified":"2026-01-22T18:10:09","modified_gmt":"2026-01-22T18:10:09","slug":"carta-de-restaurante","status":"publish","type":"page","link":"https:\/\/dimensionmediamarketing.com\/en\/carta-de-restaurante\/","title":{"rendered":"carta de restaurante"},"content":{"rendered":"<div data-elementor-type=\"wp-page\" data-elementor-id=\"25571\" class=\"elementor elementor-25571\" data-elementor-post-type=\"page\">\n\t\t\t\t<div class=\"elementor-element elementor-element-e0e3fe4 e-con-full e-flex e-con e-parent\" data-id=\"e0e3fe4\" data-element_type=\"container\" data-e-type=\"container\">\n\t\t<div class=\"elementor-element elementor-element-c8e4f09 e-con-full e-flex e-con e-child\" data-id=\"c8e4f09\" data-element_type=\"container\" data-e-type=\"container\">\n\t\t\t\t<div class=\"elementor-element elementor-element-6d997bd elementor-widget elementor-widget-image\" data-id=\"6d997bd\" data-element_type=\"widget\" data-e-type=\"widget\" data-settings=\"{&quot;ekit_we_effect_on&quot;:&quot;none&quot;}\" data-widget_type=\"image.default\">\n\t\t\t\t<div class=\"elementor-widget-container\">\n\t\t\t\t\t\t\t\t\t\t\t\t\t\t\t<img fetchpriority=\"high\" decoding=\"async\" width=\"626\" height=\"522\" src=\"https:\/\/dimensionmediamarketing.com\/wp-content\/uploads\/2026\/01\/3f2c49_a09771d509544fb8905330817512bc49mv2.webp\" class=\"attachment-large size-large wp-image-25574\" alt=\"\" srcset=\"https:\/\/dimensionmediamarketing.com\/wp-content\/uploads\/2026\/01\/3f2c49_a09771d509544fb8905330817512bc49mv2.webp 626w, https:\/\/dimensionmediamarketing.com\/wp-content\/uploads\/2026\/01\/3f2c49_a09771d509544fb8905330817512bc49mv2-300x250.webp 300w, https:\/\/dimensionmediamarketing.com\/wp-content\/uploads\/2026\/01\/3f2c49_a09771d509544fb8905330817512bc49mv2-14x12.webp 14w, https:\/\/dimensionmediamarketing.com\/wp-content\/uploads\/2026\/01\/3f2c49_a09771d509544fb8905330817512bc49mv2-600x500.webp 600w\" sizes=\"(max-width: 626px) 100vw, 626px\" \/>\t\t\t\t\t\t\t\t\t\t\t\t\t\t\t<\/div>\n\t\t\t\t<\/div>\n\t\t\t\t<\/div>\n\t\t<div class=\"elementor-element elementor-element-f1e311b e-con-full e-flex e-con e-child\" data-id=\"f1e311b\" data-element_type=\"container\" data-e-type=\"container\">\n\t\t\t\t<div class=\"elementor-element elementor-element-1c62a25 elementor-widget elementor-widget-heading\" data-id=\"1c62a25\" data-element_type=\"widget\" data-e-type=\"widget\" data-settings=\"{&quot;ekit_we_effect_on&quot;:&quot;none&quot;}\" data-widget_type=\"heading.default\">\n\t\t\t\t<div class=\"elementor-widget-container\">\n\t\t\t\t\t<h2 class=\"elementor-heading-title elementor-size-default\">Carta de restaurante<\/h2>\t\t\t\t<\/div>\n\t\t\t\t<\/div>\n\t\t\t\t<div class=\"elementor-element elementor-element-9fb0ade text-avenir elementor-widget elementor-widget-text-editor\" data-id=\"9fb0ade\" data-element_type=\"widget\" data-e-type=\"widget\" data-settings=\"{&quot;ekit_we_effect_on&quot;:&quot;none&quot;}\" data-widget_type=\"text-editor.default\">\n\t\t\t\t<div class=\"elementor-widget-container\">\n\t\t\t\t\t\t\t\t\t<p class=\"font_7 wixui-rich-text__text\"><span class=\"wixui-rich-text__text\"><strong>La carta de tu restaurante es uno de los factores m\u00e1s importantes<\/strong>\u00a0y determinantes en la toma de decisi\u00f3n de un cliente que con tanto esfuerzo has logrado atraer, por eso es muy importante desarrollar una carta adecuada.\u00a0<\/span><br class=\"wixui-rich-text__text\" \/><span class=\"wixui-rich-text__text\">Cuando un cliente entra a tu restaurante, observar la sala su disposici\u00f3n, se sienta a la mesa y el camarero o \u00a0inmediatamente lo arregla para que se siente y le trae\u00a0<strong>la carta que es , el \u00abdocumento\u00bb m\u00e1s importante de tu negocio., en definitiva, tu tarjeta de presentaci\u00f3n.<\/strong><\/span><br class=\"wixui-rich-text__text\" \/><span class=\"wixui-rich-text__text\">A partir de este momento,\u00a0<strong>la elecci\u00f3n de lo que tu vende y gana est\u00e1 en manos del cliente<\/strong><\/span><br class=\"wixui-rich-text__text\" \/><span class=\"wixui-rich-text__text\">\u00a0<\/span><br class=\"wixui-rich-text__text\" \/><span class=\"wixui-rich-text__text\">y si no encuentra lo que busca o aun peor considera\u00a0<strong>la carta poco interesante, esto podr\u00eda provocar un calo de la venta de la facturaci\u00f3n<\/strong>\u00a0y\u00a0 la p\u00e9rdida de clientes potenciales<\/span><br class=\"wixui-rich-text__text\" \/><span class=\"wixui-rich-text__text\">En\u00a0<\/span><strong><span class=\"wixui-rich-text__text\">Dimensi\u00f3n<\/span><span class=\"wixui-rich-text__text\">\u00a0Media somos expertos en artes grafiques y podemos ayudarte a redactar tu carta de restaurante y imprimirla en varios formatos<\/span><\/strong><span class=\"wixui-rich-text__text\">\u00a0con una estructura perfecta y muy atractiva, intentamos identificar qu\u00e9 errores evitar y consejos \u00fatiles para conseguir lograr\u00a0<\/span><strong><span class=\"wixui-rich-text__text\">una carta<\/span><\/strong><br class=\"wixui-rich-text__text\" \/><span class=\"wixui-rich-text__text\">que sea\u00a0<strong>rentable al 100%.\u00a0<\/strong><\/span><\/p>\t\t\t\t\t\t\t\t<\/div>\n\t\t\t\t<\/div>\n\t\t\t\t<\/div>\n\t\t<div class=\"elementor-element elementor-element-3d95615 e-con-full e-flex e-con e-child\" data-id=\"3d95615\" data-element_type=\"container\" data-e-type=\"container\">\n\t\t\t\t<div class=\"elementor-element elementor-element-099b6c8 elementor-widget elementor-widget-image\" data-id=\"099b6c8\" data-element_type=\"widget\" data-e-type=\"widget\" data-settings=\"{&quot;ekit_we_effect_on&quot;:&quot;none&quot;}\" data-widget_type=\"image.default\">\n\t\t\t\t<div class=\"elementor-widget-container\">\n\t\t\t\t\t\t\t\t\t\t\t\t\t\t\t<img decoding=\"async\" width=\"628\" height=\"522\" src=\"https:\/\/dimensionmediamarketing.com\/wp-content\/uploads\/2026\/01\/3f2c49_9af99d37ae3c4c22a1f672669451eb1cmv2.webp\" class=\"attachment-large size-large wp-image-25573\" alt=\"\" srcset=\"https:\/\/dimensionmediamarketing.com\/wp-content\/uploads\/2026\/01\/3f2c49_9af99d37ae3c4c22a1f672669451eb1cmv2.webp 628w, https:\/\/dimensionmediamarketing.com\/wp-content\/uploads\/2026\/01\/3f2c49_9af99d37ae3c4c22a1f672669451eb1cmv2-300x249.webp 300w, https:\/\/dimensionmediamarketing.com\/wp-content\/uploads\/2026\/01\/3f2c49_9af99d37ae3c4c22a1f672669451eb1cmv2-14x12.webp 14w, https:\/\/dimensionmediamarketing.com\/wp-content\/uploads\/2026\/01\/3f2c49_9af99d37ae3c4c22a1f672669451eb1cmv2-600x499.webp 600w\" sizes=\"(max-width: 628px) 100vw, 628px\" \/>\t\t\t\t\t\t\t\t\t\t\t\t\t\t\t<\/div>\n\t\t\t\t<\/div>\n\t\t\t\t<\/div>\n\t\t\t\t<\/div>\n\t\t<div class=\"elementor-element elementor-element-fd1351e e-flex e-con-boxed e-con e-parent\" data-id=\"fd1351e\" data-element_type=\"container\" data-e-type=\"container\">\n\t\t\t\t\t<div class=\"e-con-inner\">\n\t\t\t\t<div class=\"elementor-element elementor-element-f5f5c49 elementor-widget elementor-widget-video\" data-id=\"f5f5c49\" data-element_type=\"widget\" data-e-type=\"widget\" data-settings=\"{&quot;video_type&quot;:&quot;hosted&quot;,&quot;autoplay&quot;:&quot;yes&quot;,&quot;play_on_mobile&quot;:&quot;yes&quot;,&quot;loop&quot;:&quot;yes&quot;,&quot;controls&quot;:&quot;yes&quot;,&quot;ekit_we_effect_on&quot;:&quot;none&quot;}\" data-widget_type=\"video.default\">\n\t\t\t\t<div class=\"elementor-widget-container\">\n\t\t\t\t\t\t\t<div class=\"e-hosted-video elementor-wrapper elementor-open-inline\">\n\t\t\t\t\t<video class=\"elementor-video\" src=\"https:\/\/dimensionmediamarketing.com\/wp-content\/uploads\/2026\/01\/InShot_20250202_172509011.mp4\" autoplay=\"\" loop=\"\" controls=\"\" playsinline=\"\" controlslist=\"nodownload\"><\/video>\n\t\t\t\t<\/div>\n\t\t\t\t\t\t<\/div>\n\t\t\t\t<\/div>\n\t\t\t\t\t<\/div>\n\t\t\t\t<\/div>\n\t\t<div class=\"elementor-element elementor-element-308f6a6 e-flex e-con-boxed e-con e-parent\" data-id=\"308f6a6\" data-element_type=\"container\" data-e-type=\"container\">\n\t\t\t\t\t<div class=\"e-con-inner\">\n\t\t<div class=\"elementor-element elementor-element-537644c e-con-full e-flex e-con e-child\" data-id=\"537644c\" data-element_type=\"container\" data-e-type=\"container\">\n\t\t\t\t<div class=\"elementor-element elementor-element-69f22b8 elementor-align-right elementor-mobile-align-center elementor-widget elementor-widget-button\" data-id=\"69f22b8\" data-element_type=\"widget\" data-e-type=\"widget\" data-settings=\"{&quot;ekit_we_effect_on&quot;:&quot;none&quot;}\" data-widget_type=\"button.default\">\n\t\t\t\t<div class=\"elementor-widget-container\">\n\t\t\t\t\t\t\t\t\t<div class=\"elementor-button-wrapper\">\n\t\t\t\t\t<a class=\"elementor-button elementor-button-link elementor-size-sm elementor-animation-shrink\" href=\"https:\/\/dimensionmediamarketing.com\/en\/impresion\/\">\n\t\t\t\t\t\t<span class=\"elementor-button-content-wrapper\">\n\t\t\t\t\t\t<span class=\"elementor-button-icon\">\n\t\t\t\t<i aria-hidden=\"true\" class=\"fas fa-angle-left\"><\/i>\t\t\t<\/span>\n\t\t\t\t\t\t\t\t\t<span class=\"elementor-button-text\">ATRAS<\/span>\n\t\t\t\t\t<\/span>\n\t\t\t\t\t<\/a>\n\t\t\t\t<\/div>\n\t\t\t\t\t\t\t\t<\/div>\n\t\t\t\t<\/div>\n\t\t\t\t<\/div>\n\t\t<div class=\"elementor-element elementor-element-e4fd0b0 e-con-full e-flex e-con e-child\" data-id=\"e4fd0b0\" data-element_type=\"container\" data-e-type=\"container\">\n\t\t\t\t<div class=\"elementor-element elementor-element-df8fcf6 elementor-align-justify elementor-widget elementor-widget-button\" data-id=\"df8fcf6\" data-element_type=\"widget\" data-e-type=\"widget\" data-settings=\"{&quot;ekit_we_effect_on&quot;:&quot;none&quot;}\" data-widget_type=\"button.default\">\n\t\t\t\t<div class=\"elementor-widget-container\">\n\t\t\t\t\t\t\t\t\t<div class=\"elementor-button-wrapper\">\n\t\t\t\t\t<a class=\"elementor-button elementor-button-link elementor-size-sm\" href=\"https:\/\/dimensionmediamarketing.com\/en\/impresion\/#contact\">\n\t\t\t\t\t\t<span class=\"elementor-button-content-wrapper\">\n\t\t\t\t\t\t\t\t\t<span class=\"elementor-button-text\">PRESUPUESTO<\/span>\n\t\t\t\t\t<\/span>\n\t\t\t\t\t<\/a>\n\t\t\t\t<\/div>\n\t\t\t\t\t\t\t\t<\/div>\n\t\t\t\t<\/div>\n\t\t\t\t<\/div>\n\t\t<div class=\"elementor-element elementor-element-5d9c4df e-con-full elementor-hidden-mobile e-flex e-con e-child\" data-id=\"5d9c4df\" data-element_type=\"container\" data-e-type=\"container\">\n\t\t\t\t<\/div>\n\t\t\t\t\t<\/div>\n\t\t\t\t<\/div>\n\t\t<div class=\"elementor-element elementor-element-4a6b6eb e-flex e-con-boxed e-con e-parent\" data-id=\"4a6b6eb\" data-element_type=\"container\" data-e-type=\"container\">\n\t\t\t\t\t<div class=\"e-con-inner\">\n\t\t\t\t<div class=\"elementor-element elementor-element-40078ca elementor-widget elementor-widget-heading\" data-id=\"40078ca\" data-element_type=\"widget\" data-e-type=\"widget\" data-settings=\"{&quot;ekit_we_effect_on&quot;:&quot;none&quot;}\" data-widget_type=\"heading.default\">\n\t\t\t\t<div class=\"elementor-widget-container\">\n\t\t\t\t\t<h2 class=\"elementor-heading-title elementor-size-default\">Env\u00edo gratuito en toda Espa\u00f1a - Impresi\u00f3n urgente 24h \n<\/h2>\t\t\t\t<\/div>\n\t\t\t\t<\/div>\n\t\t\t\t\t<\/div>\n\t\t\t\t<\/div>\n\t\t\t\t<\/div>","protected":false},"excerpt":{"rendered":"<p>Carta de restaurante La carta de tu restaurante es uno de los factores m\u00e1s importantes\u00a0y determinantes en la toma de decisi\u00f3n de un cliente que con tanto esfuerzo has logrado atraer, por eso es muy importante desarrollar una carta adecuada.\u00a0Cuando un cliente entra a tu restaurante, observar la sala su disposici\u00f3n, se sienta a la [&hellip;]<\/p>","protected":false},"author":1,"featured_media":0,"parent":0,"menu_order":0,"comment_status":"closed","ping_status":"closed","template":"","meta":{"footnotes":""},"class_list":["post-25571","page","type-page","status-publish","hentry"],"yoast_head":"<!-- This site is optimized with the Yoast SEO plugin v23.8 - https:\/\/yoast.com\/wordpress\/plugins\/seo\/ -->\n<title>carta de restaurante - Dimension Media<\/title>\n<meta name=\"robots\" content=\"index, follow, max-snippet:-1, max-image-preview:large, max-video-preview:-1\" \/>\n<link rel=\"canonical\" href=\"https:\/\/dimensionmediamarketing.com\/en\/carta-de-restaurante\/\" \/>\n<meta property=\"og:locale\" content=\"en_US\" \/>\n<meta property=\"og:type\" content=\"article\" \/>\n<meta property=\"og:title\" content=\"carta de restaurante - Dimension Media\" \/>\n<meta property=\"og:description\" content=\"Carta de restaurante La carta de tu restaurante es uno de los factores m\u00e1s importantes\u00a0y determinantes en la toma de decisi\u00f3n de un cliente que con tanto esfuerzo has logrado atraer, por eso es muy importante desarrollar una carta adecuada.\u00a0Cuando un cliente entra a tu restaurante, observar la sala su disposici\u00f3n, se sienta a la [&hellip;]\" \/>\n<meta property=\"og:url\" content=\"https:\/\/dimensionmediamarketing.com\/en\/carta-de-restaurante\/\" \/>\n<meta property=\"og:site_name\" content=\"Dimension Media\" \/>\n<meta property=\"article:modified_time\" content=\"2026-01-22T18:10:09+00:00\" \/>\n<meta property=\"og:image\" content=\"https:\/\/dimensionmediamarketing.com\/wp-content\/uploads\/2026\/01\/3f2c49_a09771d509544fb8905330817512bc49mv2.webp\" \/>\n\t<meta property=\"og:image:width\" content=\"626\" \/>\n\t<meta property=\"og:image:height\" content=\"522\" \/>\n\t<meta property=\"og:image:type\" content=\"image\/webp\" \/>\n<meta name=\"twitter:card\" content=\"summary_large_image\" \/>\n<meta name=\"twitter:label1\" content=\"Est. reading time\" \/>\n\t<meta name=\"twitter:data1\" content=\"2 minutes\" \/>\n<script type=\"application\/ld+json\" class=\"yoast-schema-graph\">{\"@context\":\"https:\/\/schema.org\",\"@graph\":[{\"@type\":\"WebPage\",\"@id\":\"https:\/\/dimensionmediamarketing.com\/carta-de-restaurante\/\",\"url\":\"https:\/\/dimensionmediamarketing.com\/carta-de-restaurante\/\",\"name\":\"carta de restaurante - Dimension Media\",\"isPartOf\":{\"@id\":\"https:\/\/dimensionmediamarketing.com\/#website\"},\"primaryImageOfPage\":{\"@id\":\"https:\/\/dimensionmediamarketing.com\/carta-de-restaurante\/#primaryimage\"},\"image\":{\"@id\":\"https:\/\/dimensionmediamarketing.com\/carta-de-restaurante\/#primaryimage\"},\"thumbnailUrl\":\"https:\/\/dimensionmediamarketing.com\/wp-content\/uploads\/2026\/01\/3f2c49_a09771d509544fb8905330817512bc49mv2.webp\",\"datePublished\":\"2026-01-04T18:13:35+00:00\",\"dateModified\":\"2026-01-22T18:10:09+00:00\",\"breadcrumb\":{\"@id\":\"https:\/\/dimensionmediamarketing.com\/carta-de-restaurante\/#breadcrumb\"},\"inLanguage\":\"en-US\",\"potentialAction\":[{\"@type\":\"ReadAction\",\"target\":[\"https:\/\/dimensionmediamarketing.com\/carta-de-restaurante\/\"]}]},{\"@type\":\"ImageObject\",\"inLanguage\":\"en-US\",\"@id\":\"https:\/\/dimensionmediamarketing.com\/carta-de-restaurante\/#primaryimage\",\"url\":\"https:\/\/dimensionmediamarketing.com\/wp-content\/uploads\/2026\/01\/3f2c49_a09771d509544fb8905330817512bc49mv2.webp\",\"contentUrl\":\"https:\/\/dimensionmediamarketing.com\/wp-content\/uploads\/2026\/01\/3f2c49_a09771d509544fb8905330817512bc49mv2.webp\"},{\"@type\":\"BreadcrumbList\",\"@id\":\"https:\/\/dimensionmediamarketing.com\/carta-de-restaurante\/#breadcrumb\",\"itemListElement\":[{\"@type\":\"ListItem\",\"position\":1,\"name\":\"Portada\",\"item\":\"https:\/\/dimensionmediamarketing.com\/\"},{\"@type\":\"ListItem\",\"position\":2,\"name\":\"carta de restaurante\"}]},{\"@type\":\"WebSite\",\"@id\":\"https:\/\/dimensionmediamarketing.com\/#website\",\"url\":\"https:\/\/dimensionmediamarketing.com\/\",\"name\":\"Dimension Media\",\"description\":\"Somos Marketing\",\"publisher\":{\"@id\":\"https:\/\/dimensionmediamarketing.com\/#organization\"},\"potentialAction\":[{\"@type\":\"SearchAction\",\"target\":{\"@type\":\"EntryPoint\",\"urlTemplate\":\"https:\/\/dimensionmediamarketing.com\/?s={search_term_string}\"},\"query-input\":{\"@type\":\"PropertyValueSpecification\",\"valueRequired\":true,\"valueName\":\"search_term_string\"}}],\"inLanguage\":\"en-US\"},{\"@type\":\"Organization\",\"@id\":\"https:\/\/dimensionmediamarketing.com\/#organization\",\"name\":\"Dimension Media\",\"url\":\"https:\/\/dimensionmediamarketing.com\/\",\"logo\":{\"@type\":\"ImageObject\",\"inLanguage\":\"en-US\",\"@id\":\"https:\/\/dimensionmediamarketing.com\/#\/schema\/logo\/image\/\",\"url\":\"https:\/\/dimensionmediamarketing.com\/wp-content\/uploads\/2024\/11\/cropped-Logo-letras-negras.png\",\"contentUrl\":\"https:\/\/dimensionmediamarketing.com\/wp-content\/uploads\/2024\/11\/cropped-Logo-letras-negras.png\",\"width\":512,\"height\":512,\"caption\":\"Dimension Media\"},\"image\":{\"@id\":\"https:\/\/dimensionmediamarketing.com\/#\/schema\/logo\/image\/\"}}]}<\/script>\n<!-- \/ Yoast SEO plugin. -->","yoast_head_json":{"title":"carta de restaurante - Dimension Media","robots":{"index":"index","follow":"follow","max-snippet":"max-snippet:-1","max-image-preview":"max-image-preview:large","max-video-preview":"max-video-preview:-1"},"canonical":"https:\/\/dimensionmediamarketing.com\/en\/carta-de-restaurante\/","og_locale":"en_US","og_type":"article","og_title":"carta de restaurante - Dimension Media","og_description":"Carta de restaurante La carta de tu restaurante es uno de los factores m\u00e1s importantes\u00a0y determinantes en la toma de decisi\u00f3n de un cliente que con tanto esfuerzo has logrado atraer, por eso es muy importante desarrollar una carta adecuada.\u00a0Cuando un cliente entra a tu restaurante, observar la sala su disposici\u00f3n, se sienta a la [&hellip;]","og_url":"https:\/\/dimensionmediamarketing.com\/en\/carta-de-restaurante\/","og_site_name":"Dimension Media","article_modified_time":"2026-01-22T18:10:09+00:00","og_image":[{"width":626,"height":522,"url":"https:\/\/dimensionmediamarketing.com\/wp-content\/uploads\/2026\/01\/3f2c49_a09771d509544fb8905330817512bc49mv2.webp","type":"image\/webp"}],"twitter_card":"summary_large_image","twitter_misc":{"Est. reading time":"2 minutes"},"schema":{"@context":"https:\/\/schema.org","@graph":[{"@type":"WebPage","@id":"https:\/\/dimensionmediamarketing.com\/carta-de-restaurante\/","url":"https:\/\/dimensionmediamarketing.com\/carta-de-restaurante\/","name":"carta de restaurante - Dimension Media","isPartOf":{"@id":"https:\/\/dimensionmediamarketing.com\/#website"},"primaryImageOfPage":{"@id":"https:\/\/dimensionmediamarketing.com\/carta-de-restaurante\/#primaryimage"},"image":{"@id":"https:\/\/dimensionmediamarketing.com\/carta-de-restaurante\/#primaryimage"},"thumbnailUrl":"https:\/\/dimensionmediamarketing.com\/wp-content\/uploads\/2026\/01\/3f2c49_a09771d509544fb8905330817512bc49mv2.webp","datePublished":"2026-01-04T18:13:35+00:00","dateModified":"2026-01-22T18:10:09+00:00","breadcrumb":{"@id":"https:\/\/dimensionmediamarketing.com\/carta-de-restaurante\/#breadcrumb"},"inLanguage":"en-US","potentialAction":[{"@type":"ReadAction","target":["https:\/\/dimensionmediamarketing.com\/carta-de-restaurante\/"]}]},{"@type":"ImageObject","inLanguage":"en-US","@id":"https:\/\/dimensionmediamarketing.com\/carta-de-restaurante\/#primaryimage","url":"https:\/\/dimensionmediamarketing.com\/wp-content\/uploads\/2026\/01\/3f2c49_a09771d509544fb8905330817512bc49mv2.webp","contentUrl":"https:\/\/dimensionmediamarketing.com\/wp-content\/uploads\/2026\/01\/3f2c49_a09771d509544fb8905330817512bc49mv2.webp"},{"@type":"BreadcrumbList","@id":"https:\/\/dimensionmediamarketing.com\/carta-de-restaurante\/#breadcrumb","itemListElement":[{"@type":"ListItem","position":1,"name":"Portada","item":"https:\/\/dimensionmediamarketing.com\/"},{"@type":"ListItem","position":2,"name":"carta de restaurante"}]},{"@type":"WebSite","@id":"https:\/\/dimensionmediamarketing.com\/#website","url":"https:\/\/dimensionmediamarketing.com\/","name":"Dimension Media","description":"Somos Marketing","publisher":{"@id":"https:\/\/dimensionmediamarketing.com\/#organization"},"potentialAction":[{"@type":"SearchAction","target":{"@type":"EntryPoint","urlTemplate":"https:\/\/dimensionmediamarketing.com\/?s={search_term_string}"},"query-input":{"@type":"PropertyValueSpecification","valueRequired":true,"valueName":"search_term_string"}}],"inLanguage":"en-US"},{"@type":"Organization","@id":"https:\/\/dimensionmediamarketing.com\/#organization","name":"Dimension Media","url":"https:\/\/dimensionmediamarketing.com\/","logo":{"@type":"ImageObject","inLanguage":"en-US","@id":"https:\/\/dimensionmediamarketing.com\/#\/schema\/logo\/image\/","url":"https:\/\/dimensionmediamarketing.com\/wp-content\/uploads\/2024\/11\/cropped-Logo-letras-negras.png","contentUrl":"https:\/\/dimensionmediamarketing.com\/wp-content\/uploads\/2024\/11\/cropped-Logo-letras-negras.png","width":512,"height":512,"caption":"Dimension Media"},"image":{"@id":"https:\/\/dimensionmediamarketing.com\/#\/schema\/logo\/image\/"}}]}},"_links":{"self":[{"href":"https:\/\/dimensionmediamarketing.com\/en\/wp-json\/wp\/v2\/pages\/25571","targetHints":{"allow":["GET"]}}],"collection":[{"href":"https:\/\/dimensionmediamarketing.com\/en\/wp-json\/wp\/v2\/pages"}],"about":[{"href":"https:\/\/dimensionmediamarketing.com\/en\/wp-json\/wp\/v2\/types\/page"}],"author":[{"embeddable":true,"href":"https:\/\/dimensionmediamarketing.com\/en\/wp-json\/wp\/v2\/users\/1"}],"replies":[{"embeddable":true,"href":"https:\/\/dimensionmediamarketing.com\/en\/wp-json\/wp\/v2\/comments?post=25571"}],"version-history":[{"count":13,"href":"https:\/\/dimensionmediamarketing.com\/en\/wp-json\/wp\/v2\/pages\/25571\/revisions"}],"predecessor-version":[{"id":25788,"href":"https:\/\/dimensionmediamarketing.com\/en\/wp-json\/wp\/v2\/pages\/25571\/revisions\/25788"}],"wp:attachment":[{"href":"https:\/\/dimensionmediamarketing.com\/en\/wp-json\/wp\/v2\/media?parent=25571"}],"curies":[{"name":"wp","href":"https:\/\/api.w.org\/{rel}","templated":true}]}}