{"id":25537,"date":"2026-01-04T17:47:34","date_gmt":"2026-01-04T17:47:34","guid":{"rendered":"https:\/\/dimensionmediamarketing.com\/?page_id=25537"},"modified":"2026-01-22T18:04:59","modified_gmt":"2026-01-22T18:04:59","slug":"tarjetas-de-visita","status":"publish","type":"page","link":"https:\/\/dimensionmediamarketing.com\/en\/tarjetas-de-visita\/","title":{"rendered":"Tarjetas\u00a0DE VISITA"},"content":{"rendered":"<div data-elementor-type=\"wp-page\" data-elementor-id=\"25537\" class=\"elementor elementor-25537\" data-elementor-post-type=\"page\">\n\t\t\t\t<div class=\"elementor-element elementor-element-e0e3fe4 e-con-full e-flex e-con e-parent\" data-id=\"e0e3fe4\" data-element_type=\"container\" data-e-type=\"container\">\n\t\t<div class=\"elementor-element elementor-element-c8e4f09 e-con-full e-flex e-con e-child\" data-id=\"c8e4f09\" data-element_type=\"container\" data-e-type=\"container\">\n\t\t\t\t<div class=\"elementor-element elementor-element-6d997bd elementor-widget elementor-widget-image\" data-id=\"6d997bd\" data-element_type=\"widget\" data-e-type=\"widget\" data-settings=\"{&quot;ekit_we_effect_on&quot;:&quot;none&quot;}\" data-widget_type=\"image.default\">\n\t\t\t\t<div class=\"elementor-widget-container\">\n\t\t\t\t\t\t\t\t\t\t\t\t\t\t\t<img fetchpriority=\"high\" decoding=\"async\" width=\"630\" height=\"596\" src=\"https:\/\/dimensionmediamarketing.com\/wp-content\/uploads\/2026\/01\/3f2c49_36841373f7144782b7c46b420c406390mv2.webp\" class=\"attachment-large size-large wp-image-25540\" alt=\"\" srcset=\"https:\/\/dimensionmediamarketing.com\/wp-content\/uploads\/2026\/01\/3f2c49_36841373f7144782b7c46b420c406390mv2.webp 630w, https:\/\/dimensionmediamarketing.com\/wp-content\/uploads\/2026\/01\/3f2c49_36841373f7144782b7c46b420c406390mv2-300x284.webp 300w, https:\/\/dimensionmediamarketing.com\/wp-content\/uploads\/2026\/01\/3f2c49_36841373f7144782b7c46b420c406390mv2-13x12.webp 13w, https:\/\/dimensionmediamarketing.com\/wp-content\/uploads\/2026\/01\/3f2c49_36841373f7144782b7c46b420c406390mv2-600x568.webp 600w\" sizes=\"(max-width: 630px) 100vw, 630px\" \/>\t\t\t\t\t\t\t\t\t\t\t\t\t\t\t<\/div>\n\t\t\t\t<\/div>\n\t\t\t\t<\/div>\n\t\t<div class=\"elementor-element elementor-element-f1e311b e-con-full e-flex e-con e-child\" data-id=\"f1e311b\" data-element_type=\"container\" data-e-type=\"container\">\n\t\t\t\t<div class=\"elementor-element elementor-element-1c62a25 elementor-widget elementor-widget-heading\" data-id=\"1c62a25\" data-element_type=\"widget\" data-e-type=\"widget\" data-settings=\"{&quot;ekit_we_effect_on&quot;:&quot;none&quot;}\" data-widget_type=\"heading.default\">\n\t\t\t\t<div class=\"elementor-widget-container\">\n\t\t\t\t\t<h2 class=\"elementor-heading-title elementor-size-default\">Tarjetas DE VISITA<\/h2>\t\t\t\t<\/div>\n\t\t\t\t<\/div>\n\t\t\t\t<div class=\"elementor-element elementor-element-9fb0ade text-avenir elementor-widget elementor-widget-text-editor\" data-id=\"9fb0ade\" data-element_type=\"widget\" data-e-type=\"widget\" data-settings=\"{&quot;ekit_we_effect_on&quot;:&quot;none&quot;}\" data-widget_type=\"text-editor.default\">\n\t\t\t\t<div class=\"elementor-widget-container\">\n\t\t\t\t\t\t\t\t\t<p class=\"font_8 wixui-rich-text__text\"><span class=\"wixui-rich-text__text\">Las\u00a0<strong>tarjetas de visita<\/strong>, a pesar de la difusi\u00f3n de los medios de comunicaci\u00f3n digitales,\u00a0<strong>sigue siendo considerada una de las herramientas m\u00e1s \u00fatiles y eficaces para darse a conocer<\/strong>, difundir la imagen de una empresa y promover una actividad profesional.<\/span><br class=\"wixui-rich-text__text\" \/>\u00a0<br class=\"wixui-rich-text__text\" \/><span class=\"wixui-rich-text__text\">Para un aut\u00f3nomo, o para el ejecutivo de una gran empresa, la tarjeta de presentaci\u00f3n es una\u00a0<strong>herramienta de marketing considerada indispensable.<\/strong><\/span><br class=\"wixui-rich-text__text\" \/>\u00a0<br class=\"wixui-rich-text__text\" \/><span class=\"wixui-rich-text__text\">Evidentemente, para transmitir una imagen fiable y profesional,\u00a0<strong>el dise\u00f1o de una tarjeta de visita debe estudiarse con la m\u00e1xima exactitud y precisi\u00f3n<\/strong>, prestando atenci\u00f3n a cada detalle.<\/span><br class=\"wixui-rich-text__text\" \/><br class=\"wixui-rich-text__text\" \/><span class=\"wixui-rich-text__text\">Hacer\u00a0<strong>una tarjeta de presentaci\u00f3n<\/strong>\u00a0elegante y agradable es relativamente simple y\u00a0<strong>no implica costos excesivos<\/strong>, ofreciendo adem\u00e1s la posibilidad de elegir entre diferentes formatos y tama\u00f1os y establecer el estilo tipogr\u00e1fico y los colores preferidos.<\/span><br class=\"wixui-rich-text__text\" \/>\u00a0<br class=\"wixui-rich-text__text\" \/><span class=\"wixui-rich-text__text\">Adem\u00e1s, al crear tarjetas de visita personalizadas,\u00a0<strong>la elecci\u00f3n del tipo de papel es particularmente importante, ya que puede ofrecer resultados muy diferentes.<\/strong><\/span><br class=\"wixui-rich-text__text\" \/><br class=\"wixui-rich-text__text\" \/><span class=\"wixui-rich-text__text\"><strong>Imprimir tus tarjetas de visita es sin\u00f3nimo de \u00e9xito, una\u00a0impresi\u00f3n de alta calidad al mejor precio<\/strong>\u00a0con los mejores acabados, son para ti factores imprescindibles de \u00e9xito \u00a0<\/span><\/p>\t\t\t\t\t\t\t\t<\/div>\n\t\t\t\t<\/div>\n\t\t\t\t<\/div>\n\t\t<div class=\"elementor-element elementor-element-3d95615 e-con-full e-flex e-con e-child\" data-id=\"3d95615\" data-element_type=\"container\" data-e-type=\"container\">\n\t\t\t\t<div class=\"elementor-element elementor-element-099b6c8 elementor-widget elementor-widget-image\" data-id=\"099b6c8\" data-element_type=\"widget\" data-e-type=\"widget\" data-settings=\"{&quot;ekit_we_effect_on&quot;:&quot;none&quot;}\" data-widget_type=\"image.default\">\n\t\t\t\t<div class=\"elementor-widget-container\">\n\t\t\t\t\t\t\t\t\t\t\t\t\t\t\t<img decoding=\"async\" width=\"624\" height=\"596\" src=\"https:\/\/dimensionmediamarketing.com\/wp-content\/uploads\/2026\/01\/3f2c49_3ba76ea8918543508c1898b3f3ad4ce4mv2.webp\" class=\"attachment-large size-large wp-image-25539\" alt=\"\" srcset=\"https:\/\/dimensionmediamarketing.com\/wp-content\/uploads\/2026\/01\/3f2c49_3ba76ea8918543508c1898b3f3ad4ce4mv2.webp 624w, https:\/\/dimensionmediamarketing.com\/wp-content\/uploads\/2026\/01\/3f2c49_3ba76ea8918543508c1898b3f3ad4ce4mv2-300x287.webp 300w, https:\/\/dimensionmediamarketing.com\/wp-content\/uploads\/2026\/01\/3f2c49_3ba76ea8918543508c1898b3f3ad4ce4mv2-13x12.webp 13w, https:\/\/dimensionmediamarketing.com\/wp-content\/uploads\/2026\/01\/3f2c49_3ba76ea8918543508c1898b3f3ad4ce4mv2-600x573.webp 600w\" sizes=\"(max-width: 624px) 100vw, 624px\" \/>\t\t\t\t\t\t\t\t\t\t\t\t\t\t\t<\/div>\n\t\t\t\t<\/div>\n\t\t\t\t<\/div>\n\t\t\t\t<\/div>\n\t\t<div class=\"elementor-element elementor-element-308f6a6 e-flex e-con-boxed e-con e-parent\" data-id=\"308f6a6\" data-element_type=\"container\" data-e-type=\"container\">\n\t\t\t\t\t<div class=\"e-con-inner\">\n\t\t<div class=\"elementor-element elementor-element-537644c e-con-full e-flex e-con e-child\" data-id=\"537644c\" data-element_type=\"container\" data-e-type=\"container\">\n\t\t\t\t<div class=\"elementor-element elementor-element-69f22b8 elementor-align-right elementor-mobile-align-center elementor-widget elementor-widget-button\" data-id=\"69f22b8\" data-element_type=\"widget\" data-e-type=\"widget\" data-settings=\"{&quot;ekit_we_effect_on&quot;:&quot;none&quot;}\" data-widget_type=\"button.default\">\n\t\t\t\t<div class=\"elementor-widget-container\">\n\t\t\t\t\t\t\t\t\t<div class=\"elementor-button-wrapper\">\n\t\t\t\t\t<a class=\"elementor-button elementor-button-link elementor-size-sm elementor-animation-shrink\" href=\"https:\/\/dimensionmediamarketing.com\/en\/impresion\/\">\n\t\t\t\t\t\t<span class=\"elementor-button-content-wrapper\">\n\t\t\t\t\t\t<span class=\"elementor-button-icon\">\n\t\t\t\t<i aria-hidden=\"true\" class=\"fas fa-angle-left\"><\/i>\t\t\t<\/span>\n\t\t\t\t\t\t\t\t\t<span class=\"elementor-button-text\">ATRAS<\/span>\n\t\t\t\t\t<\/span>\n\t\t\t\t\t<\/a>\n\t\t\t\t<\/div>\n\t\t\t\t\t\t\t\t<\/div>\n\t\t\t\t<\/div>\n\t\t\t\t<\/div>\n\t\t<div class=\"elementor-element elementor-element-e4fd0b0 e-con-full e-flex e-con e-child\" data-id=\"e4fd0b0\" data-element_type=\"container\" data-e-type=\"container\">\n\t\t\t\t<div class=\"elementor-element elementor-element-df8fcf6 elementor-align-justify elementor-widget elementor-widget-button\" data-id=\"df8fcf6\" data-element_type=\"widget\" data-e-type=\"widget\" data-settings=\"{&quot;ekit_we_effect_on&quot;:&quot;none&quot;}\" data-widget_type=\"button.default\">\n\t\t\t\t<div class=\"elementor-widget-container\">\n\t\t\t\t\t\t\t\t\t<div class=\"elementor-button-wrapper\">\n\t\t\t\t\t<a class=\"elementor-button elementor-button-link elementor-size-sm\" href=\"https:\/\/dimensionmediamarketing.com\/en\/impresion\/#contact\">\n\t\t\t\t\t\t<span class=\"elementor-button-content-wrapper\">\n\t\t\t\t\t\t\t\t\t<span class=\"elementor-button-text\">PRESUPUESTO<\/span>\n\t\t\t\t\t<\/span>\n\t\t\t\t\t<\/a>\n\t\t\t\t<\/div>\n\t\t\t\t\t\t\t\t<\/div>\n\t\t\t\t<\/div>\n\t\t\t\t<\/div>\n\t\t<div class=\"elementor-element elementor-element-5d9c4df e-con-full elementor-hidden-mobile e-flex e-con e-child\" data-id=\"5d9c4df\" data-element_type=\"container\" data-e-type=\"container\">\n\t\t\t\t<\/div>\n\t\t\t\t\t<\/div>\n\t\t\t\t<\/div>\n\t\t<div class=\"elementor-element elementor-element-419c095 e-flex e-con-boxed e-con e-parent\" data-id=\"419c095\" data-element_type=\"container\" data-e-type=\"container\">\n\t\t\t\t\t<div class=\"e-con-inner\">\n\t\t\t\t<div class=\"elementor-element elementor-element-52cb96f elementor-widget elementor-widget-video\" data-id=\"52cb96f\" data-element_type=\"widget\" data-e-type=\"widget\" data-settings=\"{&quot;video_type&quot;:&quot;hosted&quot;,&quot;autoplay&quot;:&quot;yes&quot;,&quot;play_on_mobile&quot;:&quot;yes&quot;,&quot;loop&quot;:&quot;yes&quot;,&quot;controls&quot;:&quot;yes&quot;,&quot;ekit_we_effect_on&quot;:&quot;none&quot;}\" data-widget_type=\"video.default\">\n\t\t\t\t<div class=\"elementor-widget-container\">\n\t\t\t\t\t\t\t<div class=\"e-hosted-video elementor-wrapper elementor-open-inline\">\n\t\t\t\t\t<video class=\"elementor-video\" src=\"https:\/\/dimensionmediamarketing.com\/wp-content\/uploads\/2026\/01\/InShot_20250202_092330885.mp4\" autoplay=\"\" loop=\"\" controls=\"\" playsinline=\"\" controlslist=\"nodownload\"><\/video>\n\t\t\t\t<\/div>\n\t\t\t\t\t\t<\/div>\n\t\t\t\t<\/div>\n\t\t\t\t\t<\/div>\n\t\t\t\t<\/div>\n\t\t<div class=\"elementor-element elementor-element-4a6b6eb e-flex e-con-boxed e-con e-parent\" data-id=\"4a6b6eb\" data-element_type=\"container\" data-e-type=\"container\">\n\t\t\t\t\t<div class=\"e-con-inner\">\n\t\t\t\t<div class=\"elementor-element elementor-element-40078ca elementor-widget elementor-widget-heading\" data-id=\"40078ca\" data-element_type=\"widget\" data-e-type=\"widget\" data-settings=\"{&quot;ekit_we_effect_on&quot;:&quot;none&quot;}\" data-widget_type=\"heading.default\">\n\t\t\t\t<div class=\"elementor-widget-container\">\n\t\t\t\t\t<h2 class=\"elementor-heading-title elementor-size-default\">Env\u00edo gratuito en toda Espa\u00f1a - Impresi\u00f3n urgente 24h \n<\/h2>\t\t\t\t<\/div>\n\t\t\t\t<\/div>\n\t\t\t\t<div class=\"elementor-element elementor-element-15c82ac elementor-widget elementor-widget-gallery\" data-id=\"15c82ac\" data-element_type=\"widget\" data-e-type=\"widget\" data-settings=\"{&quot;aspect_ratio&quot;:&quot;1:1&quot;,&quot;lazyload&quot;:&quot;yes&quot;,&quot;gallery_layout&quot;:&quot;grid&quot;,&quot;columns&quot;:4,&quot;columns_tablet&quot;:2,&quot;columns_mobile&quot;:1,&quot;gap&quot;:{&quot;unit&quot;:&quot;px&quot;,&quot;size&quot;:10,&quot;sizes&quot;:[]},&quot;gap_tablet&quot;:{&quot;unit&quot;:&quot;px&quot;,&quot;size&quot;:10,&quot;sizes&quot;:[]},&quot;gap_mobile&quot;:{&quot;unit&quot;:&quot;px&quot;,&quot;size&quot;:10,&quot;sizes&quot;:[]},&quot;link_to&quot;:&quot;file&quot;,&quot;overlay_background&quot;:&quot;yes&quot;,&quot;content_hover_animation&quot;:&quot;fade-in&quot;,&quot;ekit_we_effect_on&quot;:&quot;none&quot;}\" data-widget_type=\"gallery.default\">\n\t\t\t\t<div class=\"elementor-widget-container\">\n\t\t\t\t\t\t\t<div class=\"elementor-gallery__container\">\n\t\t\t\t\t\t\t<a class=\"e-gallery-item elementor-gallery-item elementor-animated-content\" href=\"https:\/\/dimensionmediamarketing.com\/wp-content\/uploads\/2026\/01\/3f2c49_f50f77580b3d47d8ab8ff04c6057c835mv2.webp\" data-elementor-open-lightbox=\"yes\" data-elementor-lightbox-slideshow=\"15c82ac\" data-elementor-lightbox-title=\"3f2c49_f50f77580b3d47d8ab8ff04c6057c835~mv2\" data-e-action-hash=\"#elementor-action%3Aaction%3Dlightbox%26settings%3DeyJpZCI6MjU1NTIsInVybCI6Imh0dHBzOlwvXC9kaW1lbnNpb25tZWRpYW1hcmtldGluZy5jb21cL3dwLWNvbnRlbnRcL3VwbG9hZHNcLzIwMjZcLzAxXC8zZjJjNDlfZjUwZjc3NTgwYjNkNDdkOGFiOGZmMDRjNjA1N2M4MzVtdjIud2VicCIsInNsaWRlc2hvdyI6IjE1YzgyYWMifQ%3D%3D\">\n\t\t\t\t\t<div class=\"e-gallery-image elementor-gallery-item__image\" data-thumbnail=\"https:\/\/dimensionmediamarketing.com\/wp-content\/uploads\/2026\/01\/3f2c49_f50f77580b3d47d8ab8ff04c6057c835mv2.webp\" data-width=\"422\" data-height=\"421\" aria-label=\"\" role=\"img\" ><\/div>\n\t\t\t\t\t\t\t\t\t\t\t<div class=\"elementor-gallery-item__overlay\"><\/div>\n\t\t\t\t\t\t\t\t\t\t\t\t\t\t<\/a>\n\t\t\t\t\t\t\t<a class=\"e-gallery-item elementor-gallery-item elementor-animated-content\" href=\"https:\/\/dimensionmediamarketing.com\/wp-content\/uploads\/2026\/01\/3f2c49_0406e9304c1f4ee0bb93f3022e139526mv2.webp\" data-elementor-open-lightbox=\"yes\" data-elementor-lightbox-slideshow=\"15c82ac\" data-elementor-lightbox-title=\"3f2c49_0406e9304c1f4ee0bb93f3022e139526~mv2\" data-e-action-hash=\"#elementor-action%3Aaction%3Dlightbox%26settings%3DeyJpZCI6MjU1NTAsInVybCI6Imh0dHBzOlwvXC9kaW1lbnNpb25tZWRpYW1hcmtldGluZy5jb21cL3dwLWNvbnRlbnRcL3VwbG9hZHNcLzIwMjZcLzAxXC8zZjJjNDlfMDQwNmU5MzA0YzFmNGVlMGJiOTNmMzAyMmUxMzk1MjZtdjIud2VicCIsInNsaWRlc2hvdyI6IjE1YzgyYWMifQ%3D%3D\">\n\t\t\t\t\t<div class=\"e-gallery-image elementor-gallery-item__image\" data-thumbnail=\"https:\/\/dimensionmediamarketing.com\/wp-content\/uploads\/2026\/01\/3f2c49_0406e9304c1f4ee0bb93f3022e139526mv2.webp\" data-width=\"421\" data-height=\"421\" aria-label=\"\" role=\"img\" ><\/div>\n\t\t\t\t\t\t\t\t\t\t\t<div class=\"elementor-gallery-item__overlay\"><\/div>\n\t\t\t\t\t\t\t\t\t\t\t\t\t\t<\/a>\n\t\t\t\t\t\t\t<a class=\"e-gallery-item elementor-gallery-item elementor-animated-content\" href=\"https:\/\/dimensionmediamarketing.com\/wp-content\/uploads\/2026\/01\/3f2c49_a1d4138e9ed74bce883f712d17fdc9a4mv2.webp\" data-elementor-open-lightbox=\"yes\" data-elementor-lightbox-slideshow=\"15c82ac\" data-elementor-lightbox-title=\"3f2c49_a1d4138e9ed74bce883f712d17fdc9a4~mv2\" data-e-action-hash=\"#elementor-action%3Aaction%3Dlightbox%26settings%3DeyJpZCI6MjU1NTEsInVybCI6Imh0dHBzOlwvXC9kaW1lbnNpb25tZWRpYW1hcmtldGluZy5jb21cL3dwLWNvbnRlbnRcL3VwbG9hZHNcLzIwMjZcLzAxXC8zZjJjNDlfYTFkNDEzOGU5ZWQ3NGJjZTg4M2Y3MTJkMTdmZGM5YTRtdjIud2VicCIsInNsaWRlc2hvdyI6IjE1YzgyYWMifQ%3D%3D\">\n\t\t\t\t\t<div class=\"e-gallery-image elementor-gallery-item__image\" data-thumbnail=\"https:\/\/dimensionmediamarketing.com\/wp-content\/uploads\/2026\/01\/3f2c49_a1d4138e9ed74bce883f712d17fdc9a4mv2.webp\" data-width=\"422\" data-height=\"421\" aria-label=\"\" role=\"img\" ><\/div>\n\t\t\t\t\t\t\t\t\t\t\t<div class=\"elementor-gallery-item__overlay\"><\/div>\n\t\t\t\t\t\t\t\t\t\t\t\t\t\t<\/a>\n\t\t\t\t\t\t\t<a class=\"e-gallery-item elementor-gallery-item elementor-animated-content\" href=\"https:\/\/dimensionmediamarketing.com\/wp-content\/uploads\/2026\/01\/3f2c49_36841373f7144782b7c46b420c406390mv2.webp\" data-elementor-open-lightbox=\"yes\" data-elementor-lightbox-slideshow=\"15c82ac\" data-elementor-lightbox-title=\"3f2c49_36841373f7144782b7c46b420c406390~mv2\" data-e-action-hash=\"#elementor-action%3Aaction%3Dlightbox%26settings%3DeyJpZCI6MjU1NDAsInVybCI6Imh0dHBzOlwvXC9kaW1lbnNpb25tZWRpYW1hcmtldGluZy5jb21cL3dwLWNvbnRlbnRcL3VwbG9hZHNcLzIwMjZcLzAxXC8zZjJjNDlfMzY4NDEzNzNmNzE0NDc4MmI3YzQ2YjQyMGM0MDYzOTBtdjIud2VicCIsInNsaWRlc2hvdyI6IjE1YzgyYWMifQ%3D%3D\">\n\t\t\t\t\t<div class=\"e-gallery-image elementor-gallery-item__image\" data-thumbnail=\"https:\/\/dimensionmediamarketing.com\/wp-content\/uploads\/2026\/01\/3f2c49_36841373f7144782b7c46b420c406390mv2.webp\" data-width=\"630\" data-height=\"596\" aria-label=\"\" role=\"img\" ><\/div>\n\t\t\t\t\t\t\t\t\t\t\t<div class=\"elementor-gallery-item__overlay\"><\/div>\n\t\t\t\t\t\t\t\t\t\t\t\t\t\t<\/a>\n\t\t\t\t\t<\/div>\n\t\t\t\t\t<\/div>\n\t\t\t\t<\/div>\n\t\t\t\t\t<\/div>\n\t\t\t\t<\/div>\n\t\t\t\t<\/div>","protected":false},"excerpt":{"rendered":"<p>Tarjetas DE VISITA Las\u00a0tarjetas de visita, a pesar de la difusi\u00f3n de los medios de comunicaci\u00f3n digitales,\u00a0sigue siendo considerada una de las herramientas m\u00e1s \u00fatiles y eficaces para darse a conocer, difundir la imagen de una empresa y promover una actividad profesional.\u00a0Para un aut\u00f3nomo, o para el ejecutivo de una gran empresa, la tarjeta de [&hellip;]<\/p>","protected":false},"author":1,"featured_media":0,"parent":0,"menu_order":0,"comment_status":"closed","ping_status":"closed","template":"","meta":{"footnotes":""},"class_list":["post-25537","page","type-page","status-publish","hentry"],"yoast_head":"<!-- This site is optimized with the Yoast SEO plugin v23.8 - https:\/\/yoast.com\/wordpress\/plugins\/seo\/ -->\n<title>Tarjetas\u00a0DE VISITA - Dimension Media<\/title>\n<meta name=\"robots\" content=\"index, follow, max-snippet:-1, max-image-preview:large, max-video-preview:-1\" \/>\n<link rel=\"canonical\" href=\"https:\/\/dimensionmediamarketing.com\/en\/tarjetas-de-visita\/\" \/>\n<meta property=\"og:locale\" content=\"en_US\" \/>\n<meta property=\"og:type\" content=\"article\" \/>\n<meta property=\"og:title\" content=\"Tarjetas\u00a0DE VISITA - Dimension Media\" \/>\n<meta property=\"og:description\" content=\"Tarjetas DE VISITA Las\u00a0tarjetas de visita, a pesar de la difusi\u00f3n de los medios de comunicaci\u00f3n digitales,\u00a0sigue siendo considerada una de las herramientas m\u00e1s \u00fatiles y eficaces para darse a conocer, difundir la imagen de una empresa y promover una actividad profesional.\u00a0Para un aut\u00f3nomo, o para el ejecutivo de una gran empresa, la tarjeta de [&hellip;]\" \/>\n<meta property=\"og:url\" content=\"https:\/\/dimensionmediamarketing.com\/en\/tarjetas-de-visita\/\" \/>\n<meta property=\"og:site_name\" content=\"Dimension Media\" \/>\n<meta property=\"article:modified_time\" content=\"2026-01-22T18:04:59+00:00\" \/>\n<meta property=\"og:image\" content=\"https:\/\/dimensionmediamarketing.com\/wp-content\/uploads\/2026\/01\/3f2c49_36841373f7144782b7c46b420c406390mv2.webp\" \/>\n\t<meta property=\"og:image:width\" content=\"630\" \/>\n\t<meta property=\"og:image:height\" content=\"596\" \/>\n\t<meta property=\"og:image:type\" content=\"image\/webp\" \/>\n<meta name=\"twitter:card\" content=\"summary_large_image\" \/>\n<meta name=\"twitter:label1\" content=\"Est. reading time\" \/>\n\t<meta name=\"twitter:data1\" content=\"2 minutes\" \/>\n<script type=\"application\/ld+json\" class=\"yoast-schema-graph\">{\"@context\":\"https:\/\/schema.org\",\"@graph\":[{\"@type\":\"WebPage\",\"@id\":\"https:\/\/dimensionmediamarketing.com\/tarjetas-de-visita\/\",\"url\":\"https:\/\/dimensionmediamarketing.com\/tarjetas-de-visita\/\",\"name\":\"Tarjetas\u00a0DE VISITA - Dimension Media\",\"isPartOf\":{\"@id\":\"https:\/\/dimensionmediamarketing.com\/#website\"},\"primaryImageOfPage\":{\"@id\":\"https:\/\/dimensionmediamarketing.com\/tarjetas-de-visita\/#primaryimage\"},\"image\":{\"@id\":\"https:\/\/dimensionmediamarketing.com\/tarjetas-de-visita\/#primaryimage\"},\"thumbnailUrl\":\"https:\/\/dimensionmediamarketing.com\/wp-content\/uploads\/2026\/01\/3f2c49_36841373f7144782b7c46b420c406390mv2.webp\",\"datePublished\":\"2026-01-04T17:47:34+00:00\",\"dateModified\":\"2026-01-22T18:04:59+00:00\",\"breadcrumb\":{\"@id\":\"https:\/\/dimensionmediamarketing.com\/tarjetas-de-visita\/#breadcrumb\"},\"inLanguage\":\"en-US\",\"potentialAction\":[{\"@type\":\"ReadAction\",\"target\":[\"https:\/\/dimensionmediamarketing.com\/tarjetas-de-visita\/\"]}]},{\"@type\":\"ImageObject\",\"inLanguage\":\"en-US\",\"@id\":\"https:\/\/dimensionmediamarketing.com\/tarjetas-de-visita\/#primaryimage\",\"url\":\"https:\/\/dimensionmediamarketing.com\/wp-content\/uploads\/2026\/01\/3f2c49_36841373f7144782b7c46b420c406390mv2.webp\",\"contentUrl\":\"https:\/\/dimensionmediamarketing.com\/wp-content\/uploads\/2026\/01\/3f2c49_36841373f7144782b7c46b420c406390mv2.webp\"},{\"@type\":\"BreadcrumbList\",\"@id\":\"https:\/\/dimensionmediamarketing.com\/tarjetas-de-visita\/#breadcrumb\",\"itemListElement\":[{\"@type\":\"ListItem\",\"position\":1,\"name\":\"Portada\",\"item\":\"https:\/\/dimensionmediamarketing.com\/\"},{\"@type\":\"ListItem\",\"position\":2,\"name\":\"Tarjetas\u00a0DE VISITA\"}]},{\"@type\":\"WebSite\",\"@id\":\"https:\/\/dimensionmediamarketing.com\/#website\",\"url\":\"https:\/\/dimensionmediamarketing.com\/\",\"name\":\"Dimension Media\",\"description\":\"Somos Marketing\",\"publisher\":{\"@id\":\"https:\/\/dimensionmediamarketing.com\/#organization\"},\"potentialAction\":[{\"@type\":\"SearchAction\",\"target\":{\"@type\":\"EntryPoint\",\"urlTemplate\":\"https:\/\/dimensionmediamarketing.com\/?s={search_term_string}\"},\"query-input\":{\"@type\":\"PropertyValueSpecification\",\"valueRequired\":true,\"valueName\":\"search_term_string\"}}],\"inLanguage\":\"en-US\"},{\"@type\":\"Organization\",\"@id\":\"https:\/\/dimensionmediamarketing.com\/#organization\",\"name\":\"Dimension Media\",\"url\":\"https:\/\/dimensionmediamarketing.com\/\",\"logo\":{\"@type\":\"ImageObject\",\"inLanguage\":\"en-US\",\"@id\":\"https:\/\/dimensionmediamarketing.com\/#\/schema\/logo\/image\/\",\"url\":\"https:\/\/dimensionmediamarketing.com\/wp-content\/uploads\/2024\/11\/cropped-Logo-letras-negras.png\",\"contentUrl\":\"https:\/\/dimensionmediamarketing.com\/wp-content\/uploads\/2024\/11\/cropped-Logo-letras-negras.png\",\"width\":512,\"height\":512,\"caption\":\"Dimension Media\"},\"image\":{\"@id\":\"https:\/\/dimensionmediamarketing.com\/#\/schema\/logo\/image\/\"}}]}<\/script>\n<!-- \/ Yoast SEO plugin. -->","yoast_head_json":{"title":"Tarjetas\u00a0DE VISITA - Dimension Media","robots":{"index":"index","follow":"follow","max-snippet":"max-snippet:-1","max-image-preview":"max-image-preview:large","max-video-preview":"max-video-preview:-1"},"canonical":"https:\/\/dimensionmediamarketing.com\/en\/tarjetas-de-visita\/","og_locale":"en_US","og_type":"article","og_title":"Tarjetas\u00a0DE VISITA - Dimension Media","og_description":"Tarjetas DE VISITA Las\u00a0tarjetas de visita, a pesar de la difusi\u00f3n de los medios de comunicaci\u00f3n digitales,\u00a0sigue siendo considerada una de las herramientas m\u00e1s \u00fatiles y eficaces para darse a conocer, difundir la imagen de una empresa y promover una actividad profesional.\u00a0Para un aut\u00f3nomo, o para el ejecutivo de una gran empresa, la tarjeta de [&hellip;]","og_url":"https:\/\/dimensionmediamarketing.com\/en\/tarjetas-de-visita\/","og_site_name":"Dimension Media","article_modified_time":"2026-01-22T18:04:59+00:00","og_image":[{"width":630,"height":596,"url":"https:\/\/dimensionmediamarketing.com\/wp-content\/uploads\/2026\/01\/3f2c49_36841373f7144782b7c46b420c406390mv2.webp","type":"image\/webp"}],"twitter_card":"summary_large_image","twitter_misc":{"Est. reading time":"2 minutes"},"schema":{"@context":"https:\/\/schema.org","@graph":[{"@type":"WebPage","@id":"https:\/\/dimensionmediamarketing.com\/tarjetas-de-visita\/","url":"https:\/\/dimensionmediamarketing.com\/tarjetas-de-visita\/","name":"Tarjetas\u00a0DE VISITA - Dimension Media","isPartOf":{"@id":"https:\/\/dimensionmediamarketing.com\/#website"},"primaryImageOfPage":{"@id":"https:\/\/dimensionmediamarketing.com\/tarjetas-de-visita\/#primaryimage"},"image":{"@id":"https:\/\/dimensionmediamarketing.com\/tarjetas-de-visita\/#primaryimage"},"thumbnailUrl":"https:\/\/dimensionmediamarketing.com\/wp-content\/uploads\/2026\/01\/3f2c49_36841373f7144782b7c46b420c406390mv2.webp","datePublished":"2026-01-04T17:47:34+00:00","dateModified":"2026-01-22T18:04:59+00:00","breadcrumb":{"@id":"https:\/\/dimensionmediamarketing.com\/tarjetas-de-visita\/#breadcrumb"},"inLanguage":"en-US","potentialAction":[{"@type":"ReadAction","target":["https:\/\/dimensionmediamarketing.com\/tarjetas-de-visita\/"]}]},{"@type":"ImageObject","inLanguage":"en-US","@id":"https:\/\/dimensionmediamarketing.com\/tarjetas-de-visita\/#primaryimage","url":"https:\/\/dimensionmediamarketing.com\/wp-content\/uploads\/2026\/01\/3f2c49_36841373f7144782b7c46b420c406390mv2.webp","contentUrl":"https:\/\/dimensionmediamarketing.com\/wp-content\/uploads\/2026\/01\/3f2c49_36841373f7144782b7c46b420c406390mv2.webp"},{"@type":"BreadcrumbList","@id":"https:\/\/dimensionmediamarketing.com\/tarjetas-de-visita\/#breadcrumb","itemListElement":[{"@type":"ListItem","position":1,"name":"Portada","item":"https:\/\/dimensionmediamarketing.com\/"},{"@type":"ListItem","position":2,"name":"Tarjetas\u00a0DE VISITA"}]},{"@type":"WebSite","@id":"https:\/\/dimensionmediamarketing.com\/#website","url":"https:\/\/dimensionmediamarketing.com\/","name":"Dimension Media","description":"Somos Marketing","publisher":{"@id":"https:\/\/dimensionmediamarketing.com\/#organization"},"potentialAction":[{"@type":"SearchAction","target":{"@type":"EntryPoint","urlTemplate":"https:\/\/dimensionmediamarketing.com\/?s={search_term_string}"},"query-input":{"@type":"PropertyValueSpecification","valueRequired":true,"valueName":"search_term_string"}}],"inLanguage":"en-US"},{"@type":"Organization","@id":"https:\/\/dimensionmediamarketing.com\/#organization","name":"Dimension Media","url":"https:\/\/dimensionmediamarketing.com\/","logo":{"@type":"ImageObject","inLanguage":"en-US","@id":"https:\/\/dimensionmediamarketing.com\/#\/schema\/logo\/image\/","url":"https:\/\/dimensionmediamarketing.com\/wp-content\/uploads\/2024\/11\/cropped-Logo-letras-negras.png","contentUrl":"https:\/\/dimensionmediamarketing.com\/wp-content\/uploads\/2024\/11\/cropped-Logo-letras-negras.png","width":512,"height":512,"caption":"Dimension Media"},"image":{"@id":"https:\/\/dimensionmediamarketing.com\/#\/schema\/logo\/image\/"}}]}},"_links":{"self":[{"href":"https:\/\/dimensionmediamarketing.com\/en\/wp-json\/wp\/v2\/pages\/25537","targetHints":{"allow":["GET"]}}],"collection":[{"href":"https:\/\/dimensionmediamarketing.com\/en\/wp-json\/wp\/v2\/pages"}],"about":[{"href":"https:\/\/dimensionmediamarketing.com\/en\/wp-json\/wp\/v2\/types\/page"}],"author":[{"embeddable":true,"href":"https:\/\/dimensionmediamarketing.com\/en\/wp-json\/wp\/v2\/users\/1"}],"replies":[{"embeddable":true,"href":"https:\/\/dimensionmediamarketing.com\/en\/wp-json\/wp\/v2\/comments?post=25537"}],"version-history":[{"count":34,"href":"https:\/\/dimensionmediamarketing.com\/en\/wp-json\/wp\/v2\/pages\/25537\/revisions"}],"predecessor-version":[{"id":25780,"href":"https:\/\/dimensionmediamarketing.com\/en\/wp-json\/wp\/v2\/pages\/25537\/revisions\/25780"}],"wp:attachment":[{"href":"https:\/\/dimensionmediamarketing.com\/en\/wp-json\/wp\/v2\/media?parent=25537"}],"curies":[{"name":"wp","href":"https:\/\/api.w.org\/{rel}","templated":true}]}}